{"id":16,"date":"2023-03-04T01:04:09","date_gmt":"2023-03-04T01:04:09","guid":{"rendered":"https:\/\/maixepsaigon24h.com\/?page_id=16"},"modified":"2023-11-30T02:32:20","modified_gmt":"2023-11-30T02:32:20","slug":"lien-he","status":"publish","type":"page","link":"https:\/\/sdbuilding.com.vn\/en\/lien-he\/","title":{"rendered":"Contact Us"},"content":{"rendered":"<section class=\"section\" id=\"section_1640921151\">\n\t\t<div class=\"bg section-bg fill bg-fill  bg-loaded\" >\n\n\t\t\t\n\t\t\t\n\t\t\t\n\n\t\t<\/div>\n\n\t\t\n\n\t\t<div class=\"section-content relative\">\n\t\t\t\n<div class=\"row row-small\"  id=\"row-1491393638\">\n\n\t<div id=\"col-966980837\" class=\"col medium-6 small-12 large-6\"  >\n\t\t\t\t<div class=\"col-inner\"  >\n\t\t\t\n\t\t\t\n<div class=\"container section-title-container title-t-2\" ><h3 class=\"section-title section-title-normal\"><b><\/b><span class=\"section-title-main\" >Contact Information<\/span><b><\/b><\/h3><\/div>\n<div id=\"HEADLINE198\" class=\"ladi-element\">\n<h3 class=\"ladi-headline\">Explore premium workspace at SD Building.<\/h3>\n<\/div>\n<div id=\"GROUP564\" class=\"ladi-element\">\n<div class=\"ladi-group\">\n<div id=\"HEADLINE199\" class=\"ladi-element\">\n<ul>\n<li>Contact us today to learn about suitable workspace options for your business in Long Bien District.<\/li>\n<\/ul>\n<p>Email: Sales@sdbuilding.com.vn<br \/>Phone: +84 903 281 888<br \/>Schedule a tour at: www.SDBuilding.com.vn<br \/>Tham quan tr\u1ef1c ti\u1ebfp t\u1ea1i: T\u00f2a nh\u00e0 SD Building S\u1ed1 6\/7 V\u0169 \u0110\u1ee9c Th\u1eadn, Long Bi\u00ean, H\u00e0 N\u1ed9i.<\/p>\n<\/div>\n<\/div>\n<\/div>\n\t\t<\/div>\n\t\t\t\t\t<\/div>\n\n\t\n\n\t<div id=\"col-1649973287\" class=\"col medium-6 small-12 large-6\"  >\n\t\t\t\t<div class=\"col-inner\"  >\n\t\t\t\n\t\t\t\n<div class=\"container section-title-container title-t-2\" ><h3 class=\"section-title section-title-normal\"><b><\/b><span class=\"section-title-main\" >Send Your Request<\/span><b><\/b><\/h3><\/div>\n\n<div class=\"wpcf7 no-js\" id=\"wpcf7-f32-o1\" lang=\"vi\" dir=\"ltr\">\n<div class=\"screen-reader-response\"><p role=\"status\" aria-live=\"polite\" aria-atomic=\"true\"><\/p> <ul><\/ul><\/div>\n<form action=\"\/wp-json\/wp\/v2\/pages\/16\" method=\"post\" class=\"wpcf7-form init\" aria-label=\"Form li\u00ean h\u1ec7\" novalidate=\"novalidate\" data-status=\"init\" data-trp-original-action=\"\/en\/wp-json\/wp\/v2\/pages\/16#wpcf7-f32-o1\">\n<div style=\"display: none;\">\n<input type=\"hidden\" name=\"_wpcf7\" value=\"32\" \/>\n<input type=\"hidden\" name=\"_wpcf7_version\" value=\"5.9.8\" \/>\n<input type=\"hidden\" name=\"_wpcf7_locale\" value=\"vi\" \/>\n<input type=\"hidden\" name=\"_wpcf7_unit_tag\" value=\"wpcf7-f32-o1\" \/>\n<input type=\"hidden\" name=\"_wpcf7_container_post\" value=\"0\" \/>\n<input type=\"hidden\" name=\"_wpcf7_posted_data_hash\" value=\"\" \/>\n<\/div>\n<div class=\"s0\">\n\t<div class=\"s1\">\n\t\t<p><span class=\"wpcf7-form-control-wrap\" data-name=\"text-65\"><input size=\"40\" maxlength=\"400\" class=\"wpcf7-form-control wpcf7-text\" aria-invalid=\"false\" placeholder=\"Full Name\" value=\"\" type=\"text\" name=\"text-65\" \/><\/span><br \/>\n<span class=\"wpcf7-form-control-wrap\" data-name=\"tel-842\"><input size=\"40\" maxlength=\"400\" class=\"wpcf7-form-control wpcf7-tel wpcf7-text wpcf7-validates-as-tel\" aria-invalid=\"false\" placeholder=\"Phone\" value=\"\" type=\"tel\" name=\"tel-842\" \/><\/span>\n\t\t<\/p>\n\t<\/div>\n\t<div class=\"s2\">\n\t\t<p><span class=\"wpcf7-form-control-wrap\" data-name=\"email-711\"><input size=\"40\" maxlength=\"400\" class=\"wpcf7-form-control wpcf7-email wpcf7-text wpcf7-validates-as-email\" aria-invalid=\"false\" placeholder=\"Email\" value=\"\" type=\"email\" name=\"email-711\" \/><\/span><br \/>\n<span class=\"wpcf7-form-control-wrap\" data-name=\"number-351\"><input class=\"wpcf7-form-control wpcf7-number wpcf7-validates-as-number\" aria-invalid=\"false\" placeholder=\"Number of staff\" value=\"\" type=\"number\" name=\"number-351\" \/><\/span>\n\t\t<\/p>\n\t<\/div>\n<\/div>\n<p><span class=\"wpcf7-form-control-wrap\" data-name=\"menu-644\"><select class=\"wpcf7-form-control wpcf7-select\" aria-invalid=\"false\" name=\"menu-644\"><option value=\"Lo\u1ea1i v\u0103n ph\u00f2ng\">Office Solutions<\/option><option value=\"M\u1eb7t s\u00e0n v\u0103n ph\u00f2ng cho thu\u00ea\">Conventional Office<\/option><option value=\"V\u0103n ph\u00f2ng ri\u00eang\">Private Office<\/option><option value=\"Ch\u1ed7 ng\u1ed3i c\u1ed1 \u0111\u1ecbnh\">Dedicated Desk<\/option><option value=\"V\u0103n ph\u00f2ng \u1ea3o\">Virtual Office<\/option><option value=\"Ph\u00f2ng h\u1ecdp\/ Ph\u00f2ng \u0111\u00e0o t\u1ea1o\">Meeting room<\/option><\/select><\/span><br \/>\n<input class=\"wpcf7-form-control wpcf7-submit has-spinner\" type=\"submit\" value=\"Send now\" \/>\n<\/p><div class=\"wpcf7-response-output\" aria-hidden=\"true\"><\/div>\n<input type=\"hidden\" name=\"trp-form-language\" value=\"en\"\/><\/form>\n<\/div>\n\n\t\t<\/div>\n\t\t\t\t\t<\/div>\n\n\t\n<\/div>\n\t\t<\/div>\n\n\t\t\n<style>\n#section_1640921151 {\n  padding-top: 30px;\n  padding-bottom: 30px;\n}\n#section_1640921151 .ux-shape-divider--top svg {\n  height: 150px;\n  --divider-top-width: 100%;\n}\n#section_1640921151 .ux-shape-divider--bottom svg {\n  height: 150px;\n  --divider-width: 100%;\n}\n<\/style>\n\t<\/section>","protected":false},"excerpt":{"rendered":"","protected":false},"author":1,"featured_media":0,"parent":0,"menu_order":0,"comment_status":"closed","ping_status":"closed","template":"page-blank.php","meta":{"footnotes":""},"class_list":["post-16","page","type-page","status-publish","hentry"],"yoast_head":"<!-- This site is optimized with the Yoast SEO Premium plugin v19.0.1 (Yoast SEO v23.7) - https:\/\/yoast.com\/wordpress\/plugins\/seo\/ -->\n<title>Li\u00ean h\u1ec7 - SD Building - T\u00f2a nh\u00e0 v\u0103n ph\u00f2ng h\u1ea1ng A t\u1ea1i Long Bi\u00ean<\/title>\n<meta name=\"robots\" content=\"index, follow, max-snippet:-1, max-image-preview:large, max-video-preview:-1\" \/>\n<link rel=\"canonical\" href=\"https:\/\/sdbuilding.com.vn\/en\/lien-he\/\" \/>\n<meta property=\"og:locale\" content=\"en_GB\" \/>\n<meta property=\"og:type\" content=\"article\" \/>\n<meta property=\"og:title\" content=\"Li\u00ean h\u1ec7\" \/>\n<meta property=\"og:url\" content=\"https:\/\/sdbuilding.com.vn\/en\/lien-he\/\" \/>\n<meta property=\"og:site_name\" content=\"SD Building - T\u00f2a nh\u00e0 v\u0103n ph\u00f2ng h\u1ea1ng A t\u1ea1i Long Bi\u00ean\" \/>\n<meta property=\"article:modified_time\" content=\"2023-11-30T02:32:20+00:00\" \/>\n<meta name=\"twitter:card\" content=\"summary_large_image\" \/>\n<script type=\"application\/ld+json\" class=\"yoast-schema-graph\">{\"@context\":\"https:\/\/schema.org\",\"@graph\":[{\"@type\":\"WebPage\",\"@id\":\"https:\/\/sdbuilding.com.vn\/lien-he\/\",\"url\":\"https:\/\/sdbuilding.com.vn\/lien-he\/\",\"name\":\"Li\u00ean h\u1ec7 - SD Building - T\u00f2a nh\u00e0 v\u0103n ph\u00f2ng h\u1ea1ng A t\u1ea1i Long Bi\u00ean\",\"isPartOf\":{\"@id\":\"https:\/\/sdbuilding.com.vn\/#website\"},\"datePublished\":\"2023-03-04T01:04:09+00:00\",\"dateModified\":\"2023-11-30T02:32:20+00:00\",\"breadcrumb\":{\"@id\":\"https:\/\/sdbuilding.com.vn\/lien-he\/#breadcrumb\"},\"inLanguage\":\"en-GB\",\"potentialAction\":[{\"@type\":\"ReadAction\",\"target\":[\"https:\/\/sdbuilding.com.vn\/lien-he\/\"]}]},{\"@type\":\"BreadcrumbList\",\"@id\":\"https:\/\/sdbuilding.com.vn\/lien-he\/#breadcrumb\",\"itemListElement\":[{\"@type\":\"ListItem\",\"position\":1,\"name\":\"Home\",\"item\":\"https:\/\/sdbuilding.com.vn\/\"},{\"@type\":\"ListItem\",\"position\":2,\"name\":\"Li\u00ean h\u1ec7\"}]},{\"@type\":\"WebSite\",\"@id\":\"https:\/\/sdbuilding.com.vn\/#website\",\"url\":\"https:\/\/sdbuilding.com.vn\/\",\"name\":\"SD Building - T\u00f2a nh\u00e0 v\u0103n ph\u00f2ng h\u1ea1ng A t\u1ea1i Long Bi\u00ean\",\"description\":\"\",\"potentialAction\":[{\"@type\":\"SearchAction\",\"target\":{\"@type\":\"EntryPoint\",\"urlTemplate\":\"https:\/\/sdbuilding.com.vn\/?s={search_term_string}\"},\"query-input\":{\"@type\":\"PropertyValueSpecification\",\"valueRequired\":true,\"valueName\":\"search_term_string\"}}],\"inLanguage\":\"en-GB\"}]}<\/script>\n<!-- \/ Yoast SEO Premium plugin. -->","yoast_head_json":{"title":"Li\u00ean h\u1ec7 - SD Building - T\u00f2a nh\u00e0 v\u0103n ph\u00f2ng h\u1ea1ng A t\u1ea1i Long Bi\u00ean","robots":{"index":"index","follow":"follow","max-snippet":"max-snippet:-1","max-image-preview":"max-image-preview:large","max-video-preview":"max-video-preview:-1"},"canonical":"https:\/\/sdbuilding.com.vn\/en\/lien-he\/","og_locale":"en_GB","og_type":"article","og_title":"Li\u00ean h\u1ec7","og_url":"https:\/\/sdbuilding.com.vn\/en\/lien-he\/","og_site_name":"SD Building - T\u00f2a nh\u00e0 v\u0103n ph\u00f2ng h\u1ea1ng A t\u1ea1i Long Bi\u00ean","article_modified_time":"2023-11-30T02:32:20+00:00","twitter_card":"summary_large_image","schema":{"@context":"https:\/\/schema.org","@graph":[{"@type":"WebPage","@id":"https:\/\/sdbuilding.com.vn\/lien-he\/","url":"https:\/\/sdbuilding.com.vn\/lien-he\/","name":"Li\u00ean h\u1ec7 - SD Building - T\u00f2a nh\u00e0 v\u0103n ph\u00f2ng h\u1ea1ng A t\u1ea1i Long Bi\u00ean","isPartOf":{"@id":"https:\/\/sdbuilding.com.vn\/#website"},"datePublished":"2023-03-04T01:04:09+00:00","dateModified":"2023-11-30T02:32:20+00:00","breadcrumb":{"@id":"https:\/\/sdbuilding.com.vn\/lien-he\/#breadcrumb"},"inLanguage":"en-GB","potentialAction":[{"@type":"ReadAction","target":["https:\/\/sdbuilding.com.vn\/lien-he\/"]}]},{"@type":"BreadcrumbList","@id":"https:\/\/sdbuilding.com.vn\/lien-he\/#breadcrumb","itemListElement":[{"@type":"ListItem","position":1,"name":"Home","item":"https:\/\/sdbuilding.com.vn\/"},{"@type":"ListItem","position":2,"name":"Li\u00ean h\u1ec7"}]},{"@type":"WebSite","@id":"https:\/\/sdbuilding.com.vn\/#website","url":"https:\/\/sdbuilding.com.vn\/","name":"SD Building - T\u00f2a nh\u00e0 v\u0103n ph\u00f2ng h\u1ea1ng A t\u1ea1i Long Bi\u00ean","description":"","potentialAction":[{"@type":"SearchAction","target":{"@type":"EntryPoint","urlTemplate":"https:\/\/sdbuilding.com.vn\/?s={search_term_string}"},"query-input":{"@type":"PropertyValueSpecification","valueRequired":true,"valueName":"search_term_string"}}],"inLanguage":"en-GB"}]}},"_links":{"self":[{"href":"https:\/\/sdbuilding.com.vn\/en\/wp-json\/wp\/v2\/pages\/16","targetHints":{"allow":["GET"]}}],"collection":[{"href":"https:\/\/sdbuilding.com.vn\/en\/wp-json\/wp\/v2\/pages"}],"about":[{"href":"https:\/\/sdbuilding.com.vn\/en\/wp-json\/wp\/v2\/types\/page"}],"author":[{"embeddable":true,"href":"https:\/\/sdbuilding.com.vn\/en\/wp-json\/wp\/v2\/users\/1"}],"replies":[{"embeddable":true,"href":"https:\/\/sdbuilding.com.vn\/en\/wp-json\/wp\/v2\/comments?post=16"}],"version-history":[{"count":7,"href":"https:\/\/sdbuilding.com.vn\/en\/wp-json\/wp\/v2\/pages\/16\/revisions"}],"predecessor-version":[{"id":811,"href":"https:\/\/sdbuilding.com.vn\/en\/wp-json\/wp\/v2\/pages\/16\/revisions\/811"}],"wp:attachment":[{"href":"https:\/\/sdbuilding.com.vn\/en\/wp-json\/wp\/v2\/media?parent=16"}],"curies":[{"name":"wp","href":"https:\/\/api.w.org\/{rel}","templated":true}]}}