{"id":349,"date":"2023-07-03T03:47:39","date_gmt":"2023-07-03T03:47:39","guid":{"rendered":"https:\/\/sdbuilding.com.vn\/?page_id=349"},"modified":"2024-07-20T03:12:07","modified_gmt":"2024-07-20T03:12:07","slug":"giai-phap-van-phong","status":"publish","type":"page","link":"https:\/\/sdbuilding.com.vn\/en\/giai-phap-van-phong\/","title":{"rendered":"Office Solutions"},"content":{"rendered":"<div class=\"slider-wrapper relative\" id=\"slider-562309066\" >\n    <div class=\"slider slider-nav-circle slider-nav-large slider-nav-light slider-style-normal\"\n        data-flickity-options='{            \"cellAlign\": \"center\",            \"imagesLoaded\": true,            \"lazyLoad\": 1,            \"freeScroll\": false,            \"wrapAround\": true,            \"autoPlay\": 6000,            \"pauseAutoPlayOnHover\" : true,            \"prevNextButtons\": true,            \"contain\" : true,            \"adaptiveHeight\" : true,            \"dragThreshold\" : 10,            \"percentPosition\": true,            \"pageDots\": true,            \"rightToLeft\": false,            \"draggable\": true,            \"selectedAttraction\": 0.1,            \"parallax\" : 0,            \"friction\": 0.6        }'\n        >\n        \n\t<div class=\"img has-hover x md-x lg-x y md-y lg-y\" id=\"image_420932322\">\n\t\t\t\t\t\t\t\t<div class=\"img-inner dark\" >\n\t\t\t\t\t\t\t\t\t\n\t\t\t\t\t<\/div>\n\t\t\t\t\t\t\t\t\n<style>\n#image_420932322 {\n  width: 100%;\n}\n<\/style>\n\t<\/div>\n\t\n     <\/div>\n\n     <div class=\"loading-spin dark large centered\"><\/div>\n\n     \t<\/div>\n\n\n<div class=\"row\"  id=\"row-1290012003\">\n\n\t<div id=\"col-9004749\" class=\"col small-12 large-12\"  >\n\t\t\t\t<div class=\"col-inner\"  >\n\t\t\t\n\t\t\t\n\t<div id=\"text-1286874035\" class=\"text\">\n\t\t\n<h1 class=\"css-vkiwvr\">OFFICE SOLUTION<\/h1>\n\t\t\n<style>\n#text-1286874035 {\n  font-size: 1.15rem;\n}\n<\/style>\n\t<\/div>\n\t\n<div class=\"row\"  id=\"row-1436740067\">\n\n\t<div id=\"col-855273212\" class=\"col medium-6 small-12 large-6\"  >\n\t\t\t\t<div class=\"col-inner\"  >\n\t\t\t\n\t\t\t\n\t<div id=\"text-2480459924\" class=\"text\">\n\t\t\n<p style=\"text-align: justify;\">We understand that finding the perfect office space is a crucial factor in the success of businesses. Our office building ensures professionalism in operations along with the best working space.<\/p>\n\t\t\n<style>\n#text-2480459924 {\n  font-size: 1.15rem;\n}\n<\/style>\n\t<\/div>\n\t\n\t\t<\/div>\n\t\t\t\t\t<\/div>\n\n\t\n\n\t<div id=\"col-611017121\" class=\"col medium-6 small-12 large-6\"  >\n\t\t\t\t<div class=\"col-inner\"  >\n\t\t\t\n\t\t\t\n\t<div id=\"text-2783346606\" class=\"text\">\n\t\t\n<p>At SD Building, we aim to build long lasting and sustainable relationships with our customers. By providing top-notch services with a dedicated support staff throughout the office rental process.<br \/>\n\t\t\n<style>\n#text-2783346606 {\n  font-size: 1.15rem;\n}\n<\/style>\n\t<\/div>\n\t\n\t\t<\/div>\n\t\t\t\t\t<\/div>\n\n\t\n<\/div>\n\t\t<\/div>\n\t\t\t\t\t<\/div>\n\n\t\n<\/div>\n<div class=\"row\"  id=\"row-952775339\">\n\n\t<div id=\"col-1943575460\" class=\"col medium-3 small-12 large-3\"  >\n\t\t\t\t<div class=\"col-inner\"  >\n\t\t\t\n\t\t\t\n\t<div id=\"text-3603479340\" class=\"text tiles\">\n\t\t\n<h2>WORKING<br \/>\n<span style=\"color: #f99b1c;\">SPACES<\/span><\/h2>\n\t\t\t<\/div>\n\t\n\t\t<\/div>\n\t\t\t\t\t<\/div>\n\n\t\n\n\t<div id=\"col-920150649\" class=\"col medium-9 small-12 large-9\"  >\n\t\t\t\t<div class=\"col-inner\"  >\n\t\t\t\n\t\t\t\n<div class=\"row\"  id=\"row-741177175\">\n\n\t<div id=\"col-1969497225\" class=\"col medium-4 small-12 large-4\"  >\n\t\t\t\t<div class=\"col-inner\"  >\n\t\t\t\n\t\t\t\n\t<div class=\"box has-hover box_ss  has-hover box-shade dark box-text-bottom\" >\n\n\t\t<div class=\"box-image\" >\n\t\t\t<a href=\"https:\/\/sdbuilding.com.vn\/en\/mat-san-van-phong-cho-thue\/\"  >\t\t\t<div class=\"image-cover\" style=\"padding-top:100%;\">\n\t\t\t\t<img decoding=\"async\" width=\"2560\" height=\"1920\" src=\"https:\/\/sdbuilding.com.vn\/wp-content\/uploads\/2023\/09\/z4695738233548_10cbeeb1e2b13c520bda2de1cc4dd70a.jpg\" class=\"attachment-original size-original\" alt=\"\" srcset=\"https:\/\/sdbuilding.com.vn\/wp-content\/uploads\/2023\/09\/z4695738233548_10cbeeb1e2b13c520bda2de1cc4dd70a.jpg 2560w, https:\/\/sdbuilding.com.vn\/wp-content\/uploads\/2023\/09\/z4695738233548_10cbeeb1e2b13c520bda2de1cc4dd70a-768x576.jpg 768w, https:\/\/sdbuilding.com.vn\/wp-content\/uploads\/2023\/09\/z4695738233548_10cbeeb1e2b13c520bda2de1cc4dd70a-1536x1152.jpg 1536w, https:\/\/sdbuilding.com.vn\/wp-content\/uploads\/2023\/09\/z4695738233548_10cbeeb1e2b13c520bda2de1cc4dd70a-2048x1536.jpg 2048w, https:\/\/sdbuilding.com.vn\/wp-content\/uploads\/2023\/09\/z4695738233548_10cbeeb1e2b13c520bda2de1cc4dd70a-16x12.jpg 16w, https:\/\/sdbuilding.com.vn\/wp-content\/uploads\/2023\/09\/z4695738233548_10cbeeb1e2b13c520bda2de1cc4dd70a-510x383.jpg 510w\" sizes=\"(max-width: 2560px) 100vw, 2560px\" \/>\t\t\t\t<div class=\"overlay\" style=\"background-color:rgba(0, 0, 0, 0.238)\"><\/div>\t\t\t\t<div class=\"shade\"><\/div>\t\t\t<\/div>\n\t\t\t<\/a>\t\t<\/div>\n\n\t\t<div class=\"box-text text-center\" >\n\t\t\t<div class=\"box-text-inner\">\n\t\t\t\t\n<h4><a href=\"https:\/\/sdbuilding.com.vn\/en\/mat-san-van-phong-cho-thue\/\">Conventional Office<\/a><\/h4>\n\t\t\t<\/div>\n\t\t<\/div>\n\t<\/div>\n\t\n\t\t<\/div>\n\t\t\t\t\t<\/div>\n\n\t\n\n\t<div id=\"col-1777095996\" class=\"col medium-4 small-12 large-4\"  >\n\t\t\t\t<div class=\"col-inner\"  >\n\t\t\t\n\t\t\t\n\t<div class=\"box has-hover box_ss  has-hover box-shade dark box-text-bottom\" >\n\n\t\t<div class=\"box-image\" >\n\t\t\t<a href=\"https:\/\/sdbuilding.com.vn\/en\/mat-san-van-phong-rieng\/\"  >\t\t\t<div class=\"image-cover\" style=\"padding-top:100%;\">\n\t\t\t\t<img decoding=\"async\" width=\"1023\" height=\"709\" src=\"https:\/\/sdbuilding.com.vn\/wp-content\/uploads\/2024\/06\/van-phong-rieng-sdbuilding.jpg\" class=\"attachment-original size-original\" alt=\"v\u0103n ph\u00f2ng ri\u00eang\" srcset=\"https:\/\/sdbuilding.com.vn\/wp-content\/uploads\/2024\/06\/van-phong-rieng-sdbuilding.jpg 1023w, https:\/\/sdbuilding.com.vn\/wp-content\/uploads\/2024\/06\/van-phong-rieng-sdbuilding-768x532.jpg 768w, https:\/\/sdbuilding.com.vn\/wp-content\/uploads\/2024\/06\/van-phong-rieng-sdbuilding-18x12.jpg 18w, https:\/\/sdbuilding.com.vn\/wp-content\/uploads\/2024\/06\/van-phong-rieng-sdbuilding-510x353.jpg 510w\" sizes=\"(max-width: 1023px) 100vw, 1023px\" \/>\t\t\t\t<div class=\"overlay\" style=\"background-color:rgba(0, 0, 0, 0.238)\"><\/div>\t\t\t\t<div class=\"shade\"><\/div>\t\t\t<\/div>\n\t\t\t<\/a>\t\t<\/div>\n\n\t\t<div class=\"box-text text-center\" >\n\t\t\t<div class=\"box-text-inner\">\n\t\t\t\t\n<h4><a href=\"https:\/\/sdbuilding.com.vn\/en\/mat-san-van-phong-rieng\/\">Private Office<\/a><\/h4>\n\t\t\t<\/div>\n\t\t<\/div>\n\t<\/div>\n\t\n\t\t<\/div>\n\t\t\t\t\t<\/div>\n\n\t\n\n\t<div id=\"col-1219939171\" class=\"col medium-4 small-12 large-4\"  >\n\t\t\t\t<div class=\"col-inner\"  >\n\t\t\t\n\t\t\t\n\t<div class=\"box has-hover box_ss  has-hover box-shade dark box-text-bottom\" >\n\n\t\t<div class=\"box-image\" >\n\t\t\t<a href=\"https:\/\/sdbuilding.com.vn\/en\/cho-ngoi-co-dinh\/\"  >\t\t\t<div class=\"image-cover\" style=\"padding-top:100%;\">\n\t\t\t\t<img decoding=\"async\" width=\"1023\" height=\"709\" src=\"https:\/\/sdbuilding.com.vn\/wp-content\/uploads\/2024\/06\/khong-gian-linh-hoat-1.jpg\" class=\"attachment-original size-original\" alt=\"khong-gian-sd-building\" srcset=\"https:\/\/sdbuilding.com.vn\/wp-content\/uploads\/2024\/06\/khong-gian-linh-hoat-1.jpg 1023w, https:\/\/sdbuilding.com.vn\/wp-content\/uploads\/2024\/06\/khong-gian-linh-hoat-1-768x532.jpg 768w, https:\/\/sdbuilding.com.vn\/wp-content\/uploads\/2024\/06\/khong-gian-linh-hoat-1-18x12.jpg 18w, https:\/\/sdbuilding.com.vn\/wp-content\/uploads\/2024\/06\/khong-gian-linh-hoat-1-510x353.jpg 510w\" sizes=\"(max-width: 1023px) 100vw, 1023px\" \/>\t\t\t\t<div class=\"overlay\" style=\"background-color:rgba(0, 0, 0, 0.238)\"><\/div>\t\t\t\t<div class=\"shade\"><\/div>\t\t\t<\/div>\n\t\t\t<\/a>\t\t<\/div>\n\n\t\t<div class=\"box-text text-center\" >\n\t\t\t<div class=\"box-text-inner\">\n\t\t\t\t\n<h4><a href=\"https:\/\/sdbuilding.com.vn\/en\/cho-ngoi-co-dinh\/\">Dedicated Desk<\/a><\/h4>\n\t\t\t<\/div>\n\t\t<\/div>\n\t<\/div>\n\t\n\t\t<\/div>\n\t\t\t\t\t<\/div>\n\n\t\n<\/div>\n\t\t<\/div>\n\t\t\t\t\t<\/div>\n\n\t\n<\/div>\n<div class=\"row\"  id=\"row-1786353562\">\n\n\t<div id=\"col-1379203370\" class=\"col medium-3 small-12 large-3\"  >\n\t\t\t\t<div class=\"col-inner\"  >\n\t\t\t\n\t\t\t\n\t<div id=\"text-1749867982\" class=\"text tiles\">\n\t\t\n<h2>ADDITIONAL<br \/>\n<span style=\"color: #f99b1c;\">SERVICES<\/span><\/h2>\n\t\t\t<\/div>\n\t\n\t\t<\/div>\n\t\t\t\t\t<\/div>\n\n\t\n\n\t<div id=\"col-494788078\" class=\"col medium-9 small-12 large-9\"  >\n\t\t\t\t<div class=\"col-inner\"  >\n\t\t\t\n\t\t\t\n<div class=\"row\"  id=\"row-1337287539\">\n\n\t<div id=\"col-679007575\" class=\"col medium-4 small-12 large-4\"  >\n\t\t\t\t<div class=\"col-inner\"  >\n\t\t\t\n\t\t\t\n\t<div class=\"box has-hover box_ss  has-hover box-shade dark box-text-bottom\" >\n\n\t\t<div class=\"box-image\" >\n\t\t\t<a href=\"https:\/\/sdbuilding.com.vn\/en\/phong-hop-phong-dao-tao\/\"  >\t\t\t<div class=\"image-cover\" style=\"padding-top:100%;\">\n\t\t\t\t<img decoding=\"async\" width=\"1023\" height=\"709\" src=\"https:\/\/sdbuilding.com.vn\/wp-content\/uploads\/2024\/06\/phong-hop-1.jpg\" class=\"attachment-original size-original\" alt=\"\" srcset=\"https:\/\/sdbuilding.com.vn\/wp-content\/uploads\/2024\/06\/phong-hop-1.jpg 1023w, https:\/\/sdbuilding.com.vn\/wp-content\/uploads\/2024\/06\/phong-hop-1-768x532.jpg 768w, https:\/\/sdbuilding.com.vn\/wp-content\/uploads\/2024\/06\/phong-hop-1-18x12.jpg 18w, https:\/\/sdbuilding.com.vn\/wp-content\/uploads\/2024\/06\/phong-hop-1-510x353.jpg 510w\" sizes=\"(max-width: 1023px) 100vw, 1023px\" \/>\t\t\t\t<div class=\"overlay\" style=\"background-color:rgba(0, 0, 0, 0.238)\"><\/div>\t\t\t\t<div class=\"shade\"><\/div>\t\t\t<\/div>\n\t\t\t<\/a>\t\t<\/div>\n\n\t\t<div class=\"box-text text-center\" >\n\t\t\t<div class=\"box-text-inner\">\n\t\t\t\t\n<h4><a href=\"https:\/\/sdbuilding.com.vn\/en\/phong-hop-phong-dao-tao\/\">Meeting Room<\/a><\/h4>\n\t\t\t<\/div>\n\t\t<\/div>\n\t<\/div>\n\t\n\t\t<\/div>\n\t\t\t\t\t<\/div>\n\n\t\n<\/div>\n\t\t<\/div>\n\t\t\t\t\t<\/div>\n\n\t\n<\/div>\n\t<div id=\"gap-1340518255\" class=\"gap-element clearfix\" style=\"display:block; height:auto;\">\n\t\t\n<style>\n#gap-1340518255 {\n  padding-top: 50px;\n}\n<\/style>\n\t<\/div>\n\t\n<div class=\"row align-center\"  id=\"row-774242689\">\n\n\t<div id=\"col-720923414\" class=\"col medium-8 small-12 large-8\"  >\n\t\t\t\t<div class=\"col-inner\"  >\n\t\t\t\n\t\t\t\n\t<section class=\"section\" id=\"section_1191165956\">\n\t\t<div class=\"bg section-bg fill bg-fill  bg-loaded\" >\n\n\t\t\t\n\t\t\t\n\t\t\t\n\n\t\t<\/div>\n\n\t\t\n\n\t\t<div class=\"section-content relative\">\n\t\t\t\n<div class=\"row row-large align-center\"  id=\"row-1122393740\">\n\n\t<div id=\"col-1837690074\" class=\"col col_shotro small-12 large-12\"  >\n\t\t\t\t<div class=\"col-inner\"  >\n\t\t\t\n\t\t\t\n\t<div id=\"text-592783744\" class=\"text\">\n\t\t\n<div class=\"elementor-element elementor-element-4372b7be elementor-widget elementor-widget-heading\" data-id=\"4372b7be\" data-element_type=\"widget\" data-widget_type=\"heading.default\">\n<div class=\"elementor-widget-container\">\n<h2 class=\"elementor-heading-title elementor-size-default\" style=\"text-align: center;\"><span style=\"font-size: 85%;\">Save 90% of your time and resources in office searching with our assistance.<\/span><\/h2>\n<\/div>\n<\/div>\n\t\t\n<style>\n#text-592783744 {\n  font-size: 1.05rem;\n}\n<\/style>\n\t<\/div>\n\t\n\t<div id=\"gap-2035025187\" class=\"gap-element clearfix\" style=\"display:block; height:auto;\">\n\t\t\n<style>\n#gap-2035025187 {\n  padding-top: 30px;\n}\n<\/style>\n\t<\/div>\n\t\n\n<div class=\"wpcf7 no-js\" id=\"wpcf7-f32-o1\" lang=\"vi\" dir=\"ltr\">\n<div class=\"screen-reader-response\"><p role=\"status\" aria-live=\"polite\" aria-atomic=\"true\"><\/p> <ul><\/ul><\/div>\n<form action=\"\/wp-json\/wp\/v2\/pages\/349\" method=\"post\" class=\"wpcf7-form init\" aria-label=\"Form li\u00ean h\u1ec7\" novalidate=\"novalidate\" data-status=\"init\" data-trp-original-action=\"\/en\/wp-json\/wp\/v2\/pages\/349#wpcf7-f32-o1\">\n<div style=\"display: none;\">\n<input type=\"hidden\" name=\"_wpcf7\" value=\"32\" \/>\n<input type=\"hidden\" name=\"_wpcf7_version\" value=\"5.9.8\" \/>\n<input type=\"hidden\" name=\"_wpcf7_locale\" value=\"vi\" \/>\n<input type=\"hidden\" name=\"_wpcf7_unit_tag\" value=\"wpcf7-f32-o1\" \/>\n<input type=\"hidden\" name=\"_wpcf7_container_post\" value=\"0\" \/>\n<input type=\"hidden\" name=\"_wpcf7_posted_data_hash\" value=\"\" \/>\n<\/div>\n<div class=\"s0\">\n\t<div class=\"s1\">\n\t\t<p><span class=\"wpcf7-form-control-wrap\" data-name=\"text-65\"><input size=\"40\" maxlength=\"400\" class=\"wpcf7-form-control wpcf7-text\" aria-invalid=\"false\" placeholder=\"Full Name\" value=\"\" type=\"text\" name=\"text-65\" \/><\/span><br \/>\n<span class=\"wpcf7-form-control-wrap\" data-name=\"tel-842\"><input size=\"40\" maxlength=\"400\" class=\"wpcf7-form-control wpcf7-tel wpcf7-text wpcf7-validates-as-tel\" aria-invalid=\"false\" placeholder=\"Phone\" value=\"\" type=\"tel\" name=\"tel-842\" \/><\/span>\n\t\t<\/p>\n\t<\/div>\n\t<div class=\"s2\">\n\t\t<p><span class=\"wpcf7-form-control-wrap\" data-name=\"email-711\"><input size=\"40\" maxlength=\"400\" class=\"wpcf7-form-control wpcf7-email wpcf7-text wpcf7-validates-as-email\" aria-invalid=\"false\" placeholder=\"Email\" value=\"\" type=\"email\" name=\"email-711\" \/><\/span><br \/>\n<span class=\"wpcf7-form-control-wrap\" data-name=\"number-351\"><input class=\"wpcf7-form-control wpcf7-number wpcf7-validates-as-number\" aria-invalid=\"false\" placeholder=\"Number of staff\" value=\"\" type=\"number\" name=\"number-351\" \/><\/span>\n\t\t<\/p>\n\t<\/div>\n<\/div>\n<p><span class=\"wpcf7-form-control-wrap\" data-name=\"menu-644\"><select class=\"wpcf7-form-control wpcf7-select\" aria-invalid=\"false\" name=\"menu-644\"><option value=\"Lo\u1ea1i v\u0103n ph\u00f2ng\">Office Solutions<\/option><option value=\"M\u1eb7t s\u00e0n v\u0103n ph\u00f2ng cho thu\u00ea\">Conventional Office<\/option><option value=\"V\u0103n ph\u00f2ng ri\u00eang\">Private Office<\/option><option value=\"Ch\u1ed7 ng\u1ed3i c\u1ed1 \u0111\u1ecbnh\">Dedicated Desk<\/option><option value=\"V\u0103n ph\u00f2ng \u1ea3o\">Virtual Office<\/option><option value=\"Ph\u00f2ng h\u1ecdp\/ Ph\u00f2ng \u0111\u00e0o t\u1ea1o\">Meeting room<\/option><\/select><\/span><br \/>\n<input class=\"wpcf7-form-control wpcf7-submit has-spinner\" type=\"submit\" value=\"Send now\" \/>\n<\/p><div class=\"wpcf7-response-output\" aria-hidden=\"true\"><\/div>\n<input type=\"hidden\" name=\"trp-form-language\" value=\"en\"\/><\/form>\n<\/div>\n\n<a href=\"tel:0903281888\" target=\"_self\" class=\"button primary\"  >\n    <span>Hotline: 0903 281 888<\/span>\n  <\/a>\n\n\t\t<\/div>\n\t\t\t\t\t<\/div>\n\n\t\n<\/div>\n\t\t<\/div>\n\n\t\t\n<style>\n#section_1191165956 {\n  padding-top: 30px;\n  padding-bottom: 30px;\n  background-color: rgb(244, 243, 240);\n}\n#section_1191165956 .ux-shape-divider--top svg {\n  height: 150px;\n  --divider-top-width: 100%;\n}\n#section_1191165956 .ux-shape-divider--bottom svg {\n  height: 150px;\n  --divider-width: 100%;\n}\n<\/style>\n\t<\/section>\n\t\n\t\t<\/div>\n\t\t\t\t\t<\/div>\n\n\t\n<\/div>","protected":false},"excerpt":{"rendered":"","protected":false},"author":1,"featured_media":766,"parent":0,"menu_order":0,"comment_status":"closed","ping_status":"closed","template":"page-blank.php","meta":{"footnotes":""},"class_list":["post-349","page","type-page","status-publish","has-post-thumbnail","hentry"],"yoast_head":"<!-- This site is optimized with the Yoast SEO Premium plugin v19.0.1 (Yoast SEO v23.7) - https:\/\/yoast.com\/wordpress\/plugins\/seo\/ -->\n<title>Gi\u1ea3i ph\u00e1p v\u0103n ph\u00f2ng t\u1ea1i Long Bi\u00ean - SD Building<\/title>\n<meta name=\"description\" content=\"T\u00f2a nh\u00e0 v\u0103n ph\u00f2ng h\u1ea1ng A SD Building Long Bi\u00ean mang t\u1edbi gi\u1ea3i ph\u00e1p v\u0103n ph\u00f2ng t\u1ea1i Long Bi\u00ean cao c\u1ea5p, d\u1ecbch v\u1ee5 ch\u1ea5t l\u01b0\u1ee3ng.\" \/>\n<meta name=\"robots\" content=\"index, follow, max-snippet:-1, max-image-preview:large, max-video-preview:-1\" \/>\n<link rel=\"canonical\" href=\"https:\/\/sdbuilding.com.vn\/en\/giai-phap-van-phong\/\" \/>\n<meta property=\"og:locale\" content=\"en_GB\" \/>\n<meta property=\"og:type\" content=\"article\" \/>\n<meta property=\"og:title\" content=\"Gi\u1ea3i ph\u00e1p v\u0103n ph\u00f2ng\" \/>\n<meta property=\"og:description\" content=\"T\u00f2a nh\u00e0 v\u0103n ph\u00f2ng h\u1ea1ng A SD Building Long Bi\u00ean mang t\u1edbi gi\u1ea3i ph\u00e1p v\u0103n ph\u00f2ng t\u1ea1i Long Bi\u00ean cao c\u1ea5p, d\u1ecbch v\u1ee5 ch\u1ea5t l\u01b0\u1ee3ng.\" \/>\n<meta property=\"og:url\" content=\"https:\/\/sdbuilding.com.vn\/en\/giai-phap-van-phong\/\" \/>\n<meta property=\"og:site_name\" content=\"SD Building - T\u00f2a nh\u00e0 v\u0103n ph\u00f2ng h\u1ea1ng A t\u1ea1i Long Bi\u00ean\" \/>\n<meta property=\"article:modified_time\" content=\"2024-07-20T03:12:07+00:00\" \/>\n<meta property=\"og:image\" content=\"https:\/\/sdbuilding.com.vn\/wp-content\/uploads\/2023\/09\/z4695738233548_10cbeeb1e2b13c520bda2de1cc4dd70a.jpg\" \/>\n\t<meta property=\"og:image:width\" content=\"2560\" \/>\n\t<meta property=\"og:image:height\" content=\"1920\" \/>\n\t<meta property=\"og:image:type\" content=\"image\/jpeg\" \/>\n<meta name=\"twitter:card\" content=\"summary_large_image\" \/>\n<meta name=\"twitter:label1\" content=\"Estimated reading time\" \/>\n\t<meta name=\"twitter:data1\" content=\"2 minutes\" \/>\n<script type=\"application\/ld+json\" class=\"yoast-schema-graph\">{\"@context\":\"https:\/\/schema.org\",\"@graph\":[{\"@type\":\"WebPage\",\"@id\":\"https:\/\/sdbuilding.com.vn\/giai-phap-van-phong\/\",\"url\":\"https:\/\/sdbuilding.com.vn\/giai-phap-van-phong\/\",\"name\":\"Gi\u1ea3i ph\u00e1p v\u0103n ph\u00f2ng t\u1ea1i Long Bi\u00ean - SD Building\",\"isPartOf\":{\"@id\":\"https:\/\/sdbuilding.com.vn\/#website\"},\"primaryImageOfPage\":{\"@id\":\"https:\/\/sdbuilding.com.vn\/giai-phap-van-phong\/#primaryimage\"},\"image\":{\"@id\":\"https:\/\/sdbuilding.com.vn\/giai-phap-van-phong\/#primaryimage\"},\"thumbnailUrl\":\"https:\/\/sdbuilding.com.vn\/wp-content\/uploads\/2023\/09\/z4695738233548_10cbeeb1e2b13c520bda2de1cc4dd70a.jpg\",\"datePublished\":\"2023-07-03T03:47:39+00:00\",\"dateModified\":\"2024-07-20T03:12:07+00:00\",\"description\":\"T\u00f2a nh\u00e0 v\u0103n ph\u00f2ng h\u1ea1ng A SD Building Long Bi\u00ean mang t\u1edbi gi\u1ea3i ph\u00e1p v\u0103n ph\u00f2ng t\u1ea1i Long Bi\u00ean cao c\u1ea5p, d\u1ecbch v\u1ee5 ch\u1ea5t l\u01b0\u1ee3ng.\",\"breadcrumb\":{\"@id\":\"https:\/\/sdbuilding.com.vn\/giai-phap-van-phong\/#breadcrumb\"},\"inLanguage\":\"en-GB\",\"potentialAction\":[{\"@type\":\"ReadAction\",\"target\":[\"https:\/\/sdbuilding.com.vn\/giai-phap-van-phong\/\"]}]},{\"@type\":\"ImageObject\",\"inLanguage\":\"en-GB\",\"@id\":\"https:\/\/sdbuilding.com.vn\/giai-phap-van-phong\/#primaryimage\",\"url\":\"https:\/\/sdbuilding.com.vn\/wp-content\/uploads\/2023\/09\/z4695738233548_10cbeeb1e2b13c520bda2de1cc4dd70a.jpg\",\"contentUrl\":\"https:\/\/sdbuilding.com.vn\/wp-content\/uploads\/2023\/09\/z4695738233548_10cbeeb1e2b13c520bda2de1cc4dd70a.jpg\",\"width\":2560,\"height\":1920},{\"@type\":\"BreadcrumbList\",\"@id\":\"https:\/\/sdbuilding.com.vn\/giai-phap-van-phong\/#breadcrumb\",\"itemListElement\":[{\"@type\":\"ListItem\",\"position\":1,\"name\":\"Home\",\"item\":\"https:\/\/sdbuilding.com.vn\/\"},{\"@type\":\"ListItem\",\"position\":2,\"name\":\"Gi\u1ea3i ph\u00e1p v\u0103n ph\u00f2ng\"}]},{\"@type\":\"WebSite\",\"@id\":\"https:\/\/sdbuilding.com.vn\/#website\",\"url\":\"https:\/\/sdbuilding.com.vn\/\",\"name\":\"SD Building - T\u00f2a nh\u00e0 v\u0103n ph\u00f2ng h\u1ea1ng A t\u1ea1i Long Bi\u00ean\",\"description\":\"\",\"potentialAction\":[{\"@type\":\"SearchAction\",\"target\":{\"@type\":\"EntryPoint\",\"urlTemplate\":\"https:\/\/sdbuilding.com.vn\/?s={search_term_string}\"},\"query-input\":{\"@type\":\"PropertyValueSpecification\",\"valueRequired\":true,\"valueName\":\"search_term_string\"}}],\"inLanguage\":\"en-GB\"}]}<\/script>\n<!-- \/ Yoast SEO Premium plugin. -->","yoast_head_json":{"title":"Gi\u1ea3i ph\u00e1p v\u0103n ph\u00f2ng t\u1ea1i Long Bi\u00ean - SD Building","description":"T\u00f2a nh\u00e0 v\u0103n ph\u00f2ng h\u1ea1ng A SD Building Long Bi\u00ean mang t\u1edbi gi\u1ea3i ph\u00e1p v\u0103n ph\u00f2ng t\u1ea1i Long Bi\u00ean cao c\u1ea5p, d\u1ecbch v\u1ee5 ch\u1ea5t l\u01b0\u1ee3ng.","robots":{"index":"index","follow":"follow","max-snippet":"max-snippet:-1","max-image-preview":"max-image-preview:large","max-video-preview":"max-video-preview:-1"},"canonical":"https:\/\/sdbuilding.com.vn\/en\/giai-phap-van-phong\/","og_locale":"en_GB","og_type":"article","og_title":"Gi\u1ea3i ph\u00e1p v\u0103n ph\u00f2ng","og_description":"T\u00f2a nh\u00e0 v\u0103n ph\u00f2ng h\u1ea1ng A SD Building Long Bi\u00ean mang t\u1edbi gi\u1ea3i ph\u00e1p v\u0103n ph\u00f2ng t\u1ea1i Long Bi\u00ean cao c\u1ea5p, d\u1ecbch v\u1ee5 ch\u1ea5t l\u01b0\u1ee3ng.","og_url":"https:\/\/sdbuilding.com.vn\/en\/giai-phap-van-phong\/","og_site_name":"SD Building - T\u00f2a nh\u00e0 v\u0103n ph\u00f2ng h\u1ea1ng A t\u1ea1i Long Bi\u00ean","article_modified_time":"2024-07-20T03:12:07+00:00","og_image":[{"width":2560,"height":1920,"url":"https:\/\/sdbuilding.com.vn\/wp-content\/uploads\/2023\/09\/z4695738233548_10cbeeb1e2b13c520bda2de1cc4dd70a.jpg","type":"image\/jpeg"}],"twitter_card":"summary_large_image","twitter_misc":{"Estimated reading time":"2 minutes"},"schema":{"@context":"https:\/\/schema.org","@graph":[{"@type":"WebPage","@id":"https:\/\/sdbuilding.com.vn\/giai-phap-van-phong\/","url":"https:\/\/sdbuilding.com.vn\/giai-phap-van-phong\/","name":"Gi\u1ea3i ph\u00e1p v\u0103n ph\u00f2ng t\u1ea1i Long Bi\u00ean - SD Building","isPartOf":{"@id":"https:\/\/sdbuilding.com.vn\/#website"},"primaryImageOfPage":{"@id":"https:\/\/sdbuilding.com.vn\/giai-phap-van-phong\/#primaryimage"},"image":{"@id":"https:\/\/sdbuilding.com.vn\/giai-phap-van-phong\/#primaryimage"},"thumbnailUrl":"https:\/\/sdbuilding.com.vn\/wp-content\/uploads\/2023\/09\/z4695738233548_10cbeeb1e2b13c520bda2de1cc4dd70a.jpg","datePublished":"2023-07-03T03:47:39+00:00","dateModified":"2024-07-20T03:12:07+00:00","description":"T\u00f2a nh\u00e0 v\u0103n ph\u00f2ng h\u1ea1ng A SD Building Long Bi\u00ean mang t\u1edbi gi\u1ea3i ph\u00e1p v\u0103n ph\u00f2ng t\u1ea1i Long Bi\u00ean cao c\u1ea5p, d\u1ecbch v\u1ee5 ch\u1ea5t l\u01b0\u1ee3ng.","breadcrumb":{"@id":"https:\/\/sdbuilding.com.vn\/giai-phap-van-phong\/#breadcrumb"},"inLanguage":"en-GB","potentialAction":[{"@type":"ReadAction","target":["https:\/\/sdbuilding.com.vn\/giai-phap-van-phong\/"]}]},{"@type":"ImageObject","inLanguage":"en-GB","@id":"https:\/\/sdbuilding.com.vn\/giai-phap-van-phong\/#primaryimage","url":"https:\/\/sdbuilding.com.vn\/wp-content\/uploads\/2023\/09\/z4695738233548_10cbeeb1e2b13c520bda2de1cc4dd70a.jpg","contentUrl":"https:\/\/sdbuilding.com.vn\/wp-content\/uploads\/2023\/09\/z4695738233548_10cbeeb1e2b13c520bda2de1cc4dd70a.jpg","width":2560,"height":1920},{"@type":"BreadcrumbList","@id":"https:\/\/sdbuilding.com.vn\/giai-phap-van-phong\/#breadcrumb","itemListElement":[{"@type":"ListItem","position":1,"name":"Home","item":"https:\/\/sdbuilding.com.vn\/"},{"@type":"ListItem","position":2,"name":"Gi\u1ea3i ph\u00e1p v\u0103n ph\u00f2ng"}]},{"@type":"WebSite","@id":"https:\/\/sdbuilding.com.vn\/#website","url":"https:\/\/sdbuilding.com.vn\/","name":"SD Building - T\u00f2a nh\u00e0 v\u0103n ph\u00f2ng h\u1ea1ng A t\u1ea1i Long Bi\u00ean","description":"","potentialAction":[{"@type":"SearchAction","target":{"@type":"EntryPoint","urlTemplate":"https:\/\/sdbuilding.com.vn\/?s={search_term_string}"},"query-input":{"@type":"PropertyValueSpecification","valueRequired":true,"valueName":"search_term_string"}}],"inLanguage":"en-GB"}]}},"_links":{"self":[{"href":"https:\/\/sdbuilding.com.vn\/en\/wp-json\/wp\/v2\/pages\/349","targetHints":{"allow":["GET"]}}],"collection":[{"href":"https:\/\/sdbuilding.com.vn\/en\/wp-json\/wp\/v2\/pages"}],"about":[{"href":"https:\/\/sdbuilding.com.vn\/en\/wp-json\/wp\/v2\/types\/page"}],"author":[{"embeddable":true,"href":"https:\/\/sdbuilding.com.vn\/en\/wp-json\/wp\/v2\/users\/1"}],"replies":[{"embeddable":true,"href":"https:\/\/sdbuilding.com.vn\/en\/wp-json\/wp\/v2\/comments?post=349"}],"version-history":[{"count":29,"href":"https:\/\/sdbuilding.com.vn\/en\/wp-json\/wp\/v2\/pages\/349\/revisions"}],"predecessor-version":[{"id":878,"href":"https:\/\/sdbuilding.com.vn\/en\/wp-json\/wp\/v2\/pages\/349\/revisions\/878"}],"wp:featuredmedia":[{"embeddable":true,"href":"https:\/\/sdbuilding.com.vn\/en\/wp-json\/wp\/v2\/media\/766"}],"wp:attachment":[{"href":"https:\/\/sdbuilding.com.vn\/en\/wp-json\/wp\/v2\/media?parent=349"}],"curies":[{"name":"wp","href":"https:\/\/api.w.org\/{rel}","templated":true}]}}