{"id":371,"date":"2023-07-05T01:03:23","date_gmt":"2023-07-05T01:03:23","guid":{"rendered":"https:\/\/sdbuilding.com.vn\/?page_id=371"},"modified":"2024-07-20T03:16:45","modified_gmt":"2024-07-20T03:16:45","slug":"mat-san-van-phong-cho-thue","status":"publish","type":"page","link":"https:\/\/sdbuilding.com.vn\/en\/mat-san-van-phong-cho-thue\/","title":{"rendered":"Conventional Office"},"content":{"rendered":"<section class=\"section\" id=\"section_1791754365\">\n\t\t<div class=\"bg section-bg fill bg-fill  bg-loaded\" >\n\n\t\t\t\n\t\t\t\n\t\t\t\n\n\t\t<\/div>\n\n\t\t\n\n\t\t<div class=\"section-content relative\">\n\t\t\t\n<div class=\"row\"  id=\"row-107127909\">\n\n\t<div id=\"col-1686953774\" class=\"col medium-6 small-12 large-6\"  >\n\t\t\t\t<div class=\"col-inner\"  >\n\t\t\t\n\t\t\t\n\t<div class=\"img has-hover x md-x lg-x y md-y lg-y\" id=\"image_768158535\">\n\t\t\t\t\t\t\t\t<div class=\"img-inner image-cover dark\" style=\"padding-top:65%;\">\n\t\t\t<img decoding=\"async\" width=\"2560\" height=\"1920\" src=\"https:\/\/sdbuilding.com.vn\/wp-content\/uploads\/2023\/09\/z4695738233548_10cbeeb1e2b13c520bda2de1cc4dd70a.jpg\" class=\"attachment-large size-large\" alt=\"\" srcset=\"https:\/\/sdbuilding.com.vn\/wp-content\/uploads\/2023\/09\/z4695738233548_10cbeeb1e2b13c520bda2de1cc4dd70a.jpg 2560w, https:\/\/sdbuilding.com.vn\/wp-content\/uploads\/2023\/09\/z4695738233548_10cbeeb1e2b13c520bda2de1cc4dd70a-768x576.jpg 768w, https:\/\/sdbuilding.com.vn\/wp-content\/uploads\/2023\/09\/z4695738233548_10cbeeb1e2b13c520bda2de1cc4dd70a-1536x1152.jpg 1536w, https:\/\/sdbuilding.com.vn\/wp-content\/uploads\/2023\/09\/z4695738233548_10cbeeb1e2b13c520bda2de1cc4dd70a-2048x1536.jpg 2048w, https:\/\/sdbuilding.com.vn\/wp-content\/uploads\/2023\/09\/z4695738233548_10cbeeb1e2b13c520bda2de1cc4dd70a-16x12.jpg 16w, https:\/\/sdbuilding.com.vn\/wp-content\/uploads\/2023\/09\/z4695738233548_10cbeeb1e2b13c520bda2de1cc4dd70a-510x383.jpg 510w\" sizes=\"(max-width: 2560px) 100vw, 2560px\" \/>\t\t\t\t\t\t\n\t\t\t\t\t<\/div>\n\t\t\t\t\t\t\t\t\n<style>\n#image_768158535 {\n  width: 100%;\n}\n<\/style>\n\t<\/div>\n\t\n\t\t<\/div>\n\t\t\t\t\t<\/div>\n\n\t\n\n\t<div id=\"col-761431728\" class=\"col medium-6 small-12 large-6\"  >\n\t\t\t\t<div class=\"col-inner\"  >\n\t\t\t\n\t\t\t\n\t<div id=\"text-4081967740\" class=\"text\">\n\t\t\n<h1 class=\"css-1kks9gf\">Conventional Office<\/h1>\n<p class=\"css-r4adlu\">Tr\u1ea3i nghi\u1ec7m kh\u00f4ng gian l\u00e0m vi\u1ec7c ti\u1ec7n nghi, mang \u0111\u1ebfn s\u1ef1 chuy\u00ean nghi\u1ec7p v\u00e0 n\u0103ng su\u1ea5t t\u1ed1i \u0111a cho c\u00f4ng vi\u1ec7c kinh doanh c\u1ee7a b\u1ea1n.\u00a0<\/p>\n<p>Di\u1ec7n t\u00edch thu\u00ea \u0111a d\u1ea1ng t\u1eeb 28 &#8211; 800 m\u00e9t vu\u00f4ng<\/p>\n<p>D\u1ecbch v\u1ee5 v\u0103n ph\u00f2ng \u0111\u1ea1t ti\u00eau chu\u1ea9n cao c\u1ea5p<\/p>\n\t\t\n<style>\n#text-4081967740 {\n  font-size: 1.15rem;\n}\n<\/style>\n\t<\/div>\n\t\n<a class=\"button primary bao_gia popmake-628\"  >\n    <span>Get a quote<\/span>\n  <\/a>\n\n\t\t<\/div>\n\t\t\t\t\t<\/div>\n\n\t\n<\/div>\n\t\t<\/div>\n\n\t\t\n<style>\n#section_1791754365 {\n  padding-top: 30px;\n  padding-bottom: 30px;\n  background-color: rgb(244, 243, 240);\n}\n#section_1791754365 .ux-shape-divider--top svg {\n  height: 150px;\n  --divider-top-width: 100%;\n}\n#section_1791754365 .ux-shape-divider--bottom svg {\n  height: 150px;\n  --divider-width: 100%;\n}\n<\/style>\n\t<\/section>\n\t\n<div class=\"row row-large\"  id=\"row-1140296161\">\n\n\t<div id=\"col-85718847\" class=\"col medium-6 small-12 large-6\"  >\n\t\t\t\t<div class=\"col-inner text-center\"  >\n\t\t\t\n\t\t\t\n\t<div class=\"img has-hover x md-x lg-x y md-y lg-y\" id=\"image_825341946\">\n\t\t\t\t\t\t\t\t<div class=\"img-inner dark\" >\n\t\t\t<img decoding=\"async\" width=\"491\" height=\"514\" src=\"https:\/\/sdbuilding.com.vn\/wp-content\/uploads\/2023\/07\/8-2.jpg\" class=\"attachment-large size-large\" alt=\"\" \/>\t\t\t\t\t\t\n\t\t\t\t\t<\/div>\n\t\t\t\t\t\t\t\t\n<style>\n#image_825341946 {\n  width: 72%;\n}\n<\/style>\n\t<\/div>\n\t\n\t\t<\/div>\n\t\t\t\t\t<\/div>\n\n\t\n\n\t<div id=\"col-2089663664\" class=\"col tt_s1 medium-6 small-12 large-6\"  >\n\t\t\t\t<div class=\"col-inner\"  >\n\t\t\t\n\t\t\t\n<h2 class=\"css-ibasxs\">Located in Long Bien District, which offers many advantages in terms of transportation connectivity, making it convenient<span class=\"css-1x6b7sj\" aria-hidden=\"true\">.<\/span><\/h2>\n<div>\n<div class=\"css-1bsbvxc\">\n<ul>\n<li class=\"css-b5oofn\">The location offers the advantage of convenient transportation to Noi Bai Airport as well as neighboring provinces such as Bac Ninh, Hai Duong, and Long Bien<\/li>\n<li class=\"css-b5oofn\">Our workspace is fully equipped with all the necessary equipment and meticulously attended to every small detail. Our experienced staff ensures smooth operations and efficient management.<\/li>\n<\/ul>\n<\/div>\n<\/div>\n\t\t<\/div>\n\t\t\t\t\t<\/div>\n\n\t\n<\/div>\n<div class=\"row row-large\"  id=\"row-801604541\">\n\n\t<div id=\"col-309762415\" class=\"col tt_s1 medium-6 small-12 large-6\"  >\n\t\t\t\t<div class=\"col-inner\"  >\n\t\t\t\n\t\t\t\n\t<div id=\"text-1624352188\" class=\"text\">\n\t\t\n<h2 class=\"css-ibasxs\">Our office building is modern and meticulously invested in infrastructure<span class=\"css-1x6b7sj\" aria-hidden=\"true\">.<\/span><\/h2>\n<div>\n<div class=\"css-1bsbvxc\">\n<ul>\n<li class=\"css-b5oofn\"><span style=\"font-size: 110%;\">Not just an ordinary office building, we understand that a successful business requires a solid foundation from excellent infrastructure<\/span><\/li>\n<li class=\"css-b5oofn\"><span style=\"font-size: 110%;\">We are committed to providing you with a modern, convenient, and professional workspace that enhances your work productivity and creativity.<\/span><\/li>\n<\/ul>\n<\/div>\n<\/div>\n\t\t\n<style>\n#text-1624352188 {\n  font-size: 0.75rem;\n}\n<\/style>\n\t<\/div>\n\t\n\t\t<\/div>\n\t\t\t\t\t<\/div>\n\n\t\n\n\t<div id=\"col-637813667\" class=\"col medium-6 small-12 large-6\"  >\n\t\t\t\t<div class=\"col-inner text-center\"  >\n\t\t\t\n\t\t\t\n\t<div class=\"img has-hover x md-x lg-x y md-y lg-y\" id=\"image_264959856\">\n\t\t\t\t\t\t\t\t<div class=\"img-inner dark\" >\n\t\t\t<img decoding=\"async\" width=\"2426\" height=\"2132\" src=\"https:\/\/sdbuilding.com.vn\/wp-content\/uploads\/2023\/09\/Building.jpg\" class=\"attachment-large size-large\" alt=\"\" srcset=\"https:\/\/sdbuilding.com.vn\/wp-content\/uploads\/2023\/09\/Building.jpg 2426w, https:\/\/sdbuilding.com.vn\/wp-content\/uploads\/2023\/09\/Building-768x675.jpg 768w, https:\/\/sdbuilding.com.vn\/wp-content\/uploads\/2023\/09\/Building-1536x1350.jpg 1536w, https:\/\/sdbuilding.com.vn\/wp-content\/uploads\/2023\/09\/Building-2048x1800.jpg 2048w, https:\/\/sdbuilding.com.vn\/wp-content\/uploads\/2023\/09\/Building-14x12.jpg 14w, https:\/\/sdbuilding.com.vn\/wp-content\/uploads\/2023\/09\/Building-510x448.jpg 510w\" sizes=\"(max-width: 2426px) 100vw, 2426px\" \/>\t\t\t\t\t\t\n\t\t\t\t\t<\/div>\n\t\t\t\t\t\t\t\t\n<style>\n#image_264959856 {\n  width: 72%;\n}\n<\/style>\n\t<\/div>\n\t\n\t\t<\/div>\n\t\t\t\t\t<\/div>\n\n\t\n<\/div>\n<div class=\"row\"  id=\"row-388744224\">\n\n\t<div id=\"col-784050777\" class=\"col medium-3 small-12 large-3\"  >\n\t\t\t\t<div class=\"col-inner\"  >\n\t\t\t\n\t\t\t\n\t<div id=\"text-1740065290\" class=\"text tiles\">\n\t\t\n<h2>Office<br \/>\n<span style=\"color: #f99b1c;\">Solutions<\/span><\/h2>\n\t\t\t<\/div>\n\t\n\t\t<\/div>\n\t\t\t\t\t<\/div>\n\n\t\n\n\t<div id=\"col-614903836\" class=\"col medium-9 small-12 large-9\"  >\n\t\t\t\t<div class=\"col-inner\"  >\n\t\t\t\n\t\t\t\n<div class=\"row\"  id=\"row-1959856854\">\n\n\t<div id=\"col-669405260\" class=\"col medium-4 small-12 large-4\"  >\n\t\t\t\t<div class=\"col-inner\"  >\n\t\t\t\n\t\t\t\n\t<div class=\"box has-hover box_ss  has-hover box-shade dark box-text-bottom\" >\n\n\t\t<div class=\"box-image\" >\n\t\t\t<a href=\"https:\/\/sdbuilding.com.vn\/en\/mat-san-van-phong-cho-thue\/\"  >\t\t\t<div class=\"image-cover\" style=\"padding-top:100%;\">\n\t\t\t\t<img decoding=\"async\" width=\"2560\" height=\"1920\" src=\"https:\/\/sdbuilding.com.vn\/wp-content\/uploads\/2023\/09\/z4695738233547_9eb6dee6d3c211685945b17314446a65.jpg\" class=\"attachment-original size-original\" alt=\"\" srcset=\"https:\/\/sdbuilding.com.vn\/wp-content\/uploads\/2023\/09\/z4695738233547_9eb6dee6d3c211685945b17314446a65.jpg 2560w, https:\/\/sdbuilding.com.vn\/wp-content\/uploads\/2023\/09\/z4695738233547_9eb6dee6d3c211685945b17314446a65-768x576.jpg 768w, https:\/\/sdbuilding.com.vn\/wp-content\/uploads\/2023\/09\/z4695738233547_9eb6dee6d3c211685945b17314446a65-1536x1152.jpg 1536w, https:\/\/sdbuilding.com.vn\/wp-content\/uploads\/2023\/09\/z4695738233547_9eb6dee6d3c211685945b17314446a65-2048x1536.jpg 2048w, https:\/\/sdbuilding.com.vn\/wp-content\/uploads\/2023\/09\/z4695738233547_9eb6dee6d3c211685945b17314446a65-16x12.jpg 16w, https:\/\/sdbuilding.com.vn\/wp-content\/uploads\/2023\/09\/z4695738233547_9eb6dee6d3c211685945b17314446a65-510x383.jpg 510w\" sizes=\"(max-width: 2560px) 100vw, 2560px\" \/>\t\t\t\t<div class=\"overlay\" style=\"background-color:rgba(0, 0, 0, 0.238)\"><\/div>\t\t\t\t<div class=\"shade\"><\/div>\t\t\t<\/div>\n\t\t\t<\/a>\t\t<\/div>\n\n\t\t<div class=\"box-text text-center\" >\n\t\t\t<div class=\"box-text-inner\">\n\t\t\t\t\n<h4><a href=\"https:\/\/sdbuilding.com.vn\/en\/mat-san-van-phong-cho-thue\/\">Conventional Office<\/a><\/h4>\n\t\t\t<\/div>\n\t\t<\/div>\n\t<\/div>\n\t\n\t\t<\/div>\n\t\t\t\t\t<\/div>\n\n\t\n\n\t<div id=\"col-2062134652\" class=\"col medium-4 small-12 large-4\"  >\n\t\t\t\t<div class=\"col-inner\"  >\n\t\t\t\n\t\t\t\n\t<div class=\"box has-hover box_ss  has-hover box-shade dark box-text-bottom\" >\n\n\t\t<div class=\"box-image\" >\n\t\t\t<a href=\"https:\/\/sdbuilding.com.vn\/en\/mat-san-van-phong-rieng\/\"  >\t\t\t<div class=\"image-cover\" style=\"padding-top:100%;\">\n\t\t\t\t<img decoding=\"async\" width=\"1023\" height=\"709\" src=\"https:\/\/sdbuilding.com.vn\/wp-content\/uploads\/2024\/06\/van-phong-rieng-sdbuilding.jpg\" class=\"attachment-original size-original\" alt=\"v\u0103n ph\u00f2ng ri\u00eang\" srcset=\"https:\/\/sdbuilding.com.vn\/wp-content\/uploads\/2024\/06\/van-phong-rieng-sdbuilding.jpg 1023w, https:\/\/sdbuilding.com.vn\/wp-content\/uploads\/2024\/06\/van-phong-rieng-sdbuilding-768x532.jpg 768w, https:\/\/sdbuilding.com.vn\/wp-content\/uploads\/2024\/06\/van-phong-rieng-sdbuilding-18x12.jpg 18w, https:\/\/sdbuilding.com.vn\/wp-content\/uploads\/2024\/06\/van-phong-rieng-sdbuilding-510x353.jpg 510w\" sizes=\"(max-width: 1023px) 100vw, 1023px\" \/>\t\t\t\t<div class=\"overlay\" style=\"background-color:rgba(0, 0, 0, 0.238)\"><\/div>\t\t\t\t<div class=\"shade\"><\/div>\t\t\t<\/div>\n\t\t\t<\/a>\t\t<\/div>\n\n\t\t<div class=\"box-text text-center\" >\n\t\t\t<div class=\"box-text-inner\">\n\t\t\t\t\n<h4><a href=\"https:\/\/sdbuilding.com.vn\/en\/mat-san-van-phong-rieng\/\">Private Office<\/a><\/h4>\n\t\t\t<\/div>\n\t\t<\/div>\n\t<\/div>\n\t\n\t\t<\/div>\n\t\t\t\t\t<\/div>\n\n\t\n\n\t<div id=\"col-1968276540\" class=\"col medium-4 small-12 large-4\"  >\n\t\t\t\t<div class=\"col-inner\"  >\n\t\t\t\n\t\t\t\n\t<div class=\"box has-hover box_ss  has-hover box-shade dark box-text-bottom\" >\n\n\t\t<div class=\"box-image\" >\n\t\t\t<a href=\"https:\/\/sdbuilding.com.vn\/en\/cho-ngoi-co-dinh\/\"  >\t\t\t<div class=\"image-cover\" style=\"padding-top:100%;\">\n\t\t\t\t<img decoding=\"async\" width=\"1023\" height=\"709\" src=\"https:\/\/sdbuilding.com.vn\/wp-content\/uploads\/2024\/06\/khong-gian-linh-hoat-1.jpg\" class=\"attachment-original size-original\" alt=\"khong-gian-sd-building\" srcset=\"https:\/\/sdbuilding.com.vn\/wp-content\/uploads\/2024\/06\/khong-gian-linh-hoat-1.jpg 1023w, https:\/\/sdbuilding.com.vn\/wp-content\/uploads\/2024\/06\/khong-gian-linh-hoat-1-768x532.jpg 768w, https:\/\/sdbuilding.com.vn\/wp-content\/uploads\/2024\/06\/khong-gian-linh-hoat-1-18x12.jpg 18w, https:\/\/sdbuilding.com.vn\/wp-content\/uploads\/2024\/06\/khong-gian-linh-hoat-1-510x353.jpg 510w\" sizes=\"(max-width: 1023px) 100vw, 1023px\" \/>\t\t\t\t<div class=\"overlay\" style=\"background-color:rgba(0, 0, 0, 0.238)\"><\/div>\t\t\t\t<div class=\"shade\"><\/div>\t\t\t<\/div>\n\t\t\t<\/a>\t\t<\/div>\n\n\t\t<div class=\"box-text text-center\" >\n\t\t\t<div class=\"box-text-inner\">\n\t\t\t\t\n<h4><a href=\"https:\/\/sdbuilding.com.vn\/en\/cho-ngoi-co-dinh\/\">Dedicated Desk<\/a><\/h4>\n\t\t\t<\/div>\n\t\t<\/div>\n\t<\/div>\n\t\n\t\t<\/div>\n\t\t\t\t\t<\/div>\n\n\t\n<\/div>\n\t\t<\/div>\n\t\t\t\t\t<\/div>\n\n\t\n<\/div>\n\t<section class=\"section\" id=\"section_68867738\">\n\t\t<div class=\"bg section-bg fill bg-fill  bg-loaded\" >\n\n\t\t\t\n\t\t\t\n\t\t\t\n\n\t\t<\/div>\n\n\t\t\n\n\t\t<div class=\"section-content relative\">\n\t\t\t\n<div class=\"row row-large\"  id=\"row-408972827\">\n\n\t<div id=\"col-191300620\" class=\"col col_shotro medium-7 small-12 large-7\"  >\n\t\t\t\t<div class=\"col-inner\"  >\n\t\t\t\n\t\t\t\n\t<div id=\"text-1300145858\" class=\"text\">\n\t\t\n<div class=\"elementor-element elementor-element-4372b7be elementor-widget elementor-widget-heading\" data-id=\"4372b7be\" data-element_type=\"widget\" data-widget_type=\"heading.default\">\n<div class=\"elementor-widget-container\">\n<h2 class=\"elementor-heading-title elementor-size-default\">Save 90% of your time and resources in office searching with our assistance.<\/h2>\n<\/div>\n<\/div>\n<div class=\"elementor-element elementor-element-19f30efb elementor-hidden-phone elementor-widget elementor-widget-maisonreal-icon-list\" data-id=\"19f30efb\" data-element_type=\"widget\" data-widget_type=\"maisonreal-icon-list.default\">\n<div class=\"elementor-widget-container\">\n<ul class=\"elementor-icon-list-items elementor-inline-items\">\n<li class=\"elementor-icon-list-item\"><span class=\"elementor-icon-list-icon\"><i>1<\/i><\/span><span class=\"elementor-icon-list-text\">Receive a quote for suitable office types.<\/span><\/li>\n<li class=\"elementor-icon-list-item\"><span class=\"elementor-icon-list-icon\"><i>2<\/i><\/span><span class=\"elementor-icon-list-text\">Receive a quote for suitable office types.<\/span><\/li>\n<li class=\"elementor-icon-list-item\"><span class=\"elementor-icon-list-icon\"><i>3<\/i><\/span><span class=\"elementor-icon-list-text\">Evaluate the advantages and disadvantages of each office type comprehensively.<\/span><\/li>\n<li class=\"elementor-icon-list-item\"><span class=\"elementor-icon-list-icon\"><i>4<\/i><\/span><span class=\"elementor-icon-list-text\">Get the best rental costs and leasing terms.<\/span><\/li>\n<\/ul>\n<\/div>\n<\/div>\n\t\t\n<style>\n#text-1300145858 {\n  font-size: 1.25rem;\n}\n<\/style>\n\t<\/div>\n\t\n\t<div id=\"gap-397693648\" class=\"gap-element clearfix\" style=\"display:block; height:auto;\">\n\t\t\n<style>\n#gap-397693648 {\n  padding-top: 30px;\n}\n<\/style>\n\t<\/div>\n\t\n<a href=\"tel:0903281888\" target=\"_self\" class=\"button primary\"  >\n    <span>Hotline: +84 903 281 888<\/span>\n  <\/a>\n\n<a class=\"button white is-outline\"  >\n    <span>Send Your Inquiries<\/span>\n  <\/a>\n\n\t\t<\/div>\n\t\t\t\t\t<\/div>\n\n\t\n\n\t<div id=\"col-171730804\" class=\"col medium-5 small-12 large-5\"  >\n\t\t\t\t<div class=\"col-inner\"  >\n\t\t\t\n\t\t\t\n\t<div class=\"img has-hover x md-x lg-x y md-y lg-y\" id=\"image_1474496932\">\n\t\t\t\t\t\t\t\t<div class=\"img-inner image-cover dark\" style=\"padding-top:100%;\">\n\t\t\t<img decoding=\"async\" width=\"1000\" height=\"1000\" src=\"https:\/\/sdbuilding.com.vn\/wp-content\/uploads\/2024\/06\/giai-phap-tu-sd-building.jpg\" class=\"attachment-large size-large\" alt=\"gi\u1ea3i ph\u00e1p sdbuilding\" srcset=\"https:\/\/sdbuilding.com.vn\/wp-content\/uploads\/2024\/06\/giai-phap-tu-sd-building.jpg 1000w, https:\/\/sdbuilding.com.vn\/wp-content\/uploads\/2024\/06\/giai-phap-tu-sd-building-768x768.jpg 768w, https:\/\/sdbuilding.com.vn\/wp-content\/uploads\/2024\/06\/giai-phap-tu-sd-building-12x12.jpg 12w, https:\/\/sdbuilding.com.vn\/wp-content\/uploads\/2024\/06\/giai-phap-tu-sd-building-150x150.jpg 150w, https:\/\/sdbuilding.com.vn\/wp-content\/uploads\/2024\/06\/giai-phap-tu-sd-building-510x510.jpg 510w, https:\/\/sdbuilding.com.vn\/wp-content\/uploads\/2024\/06\/giai-phap-tu-sd-building-100x100.jpg 100w\" sizes=\"(max-width: 1000px) 100vw, 1000px\" \/>\t\t\t\t\t\t\n\t\t\t\t\t<\/div>\n\t\t\t\t\t\t\t\t\n<style>\n#image_1474496932 {\n  width: 100%;\n}\n<\/style>\n\t<\/div>\n\t\n\t\t<\/div>\n\t\t\t\t\t<\/div>\n\n\t\n<\/div>\n\t\t<\/div>\n\n\t\t\n<style>\n#section_68867738 {\n  padding-top: 30px;\n  padding-bottom: 30px;\n  background-color: rgb(244, 243, 240);\n}\n#section_68867738 .ux-shape-divider--top svg {\n  height: 150px;\n  --divider-top-width: 100%;\n}\n#section_68867738 .ux-shape-divider--bottom svg {\n  height: 150px;\n  --divider-width: 100%;\n}\n<\/style>\n\t<\/section>","protected":false},"excerpt":{"rendered":"","protected":false},"author":1,"featured_media":771,"parent":0,"menu_order":0,"comment_status":"closed","ping_status":"closed","template":"page-blank.php","meta":{"footnotes":""},"class_list":["post-371","page","type-page","status-publish","has-post-thumbnail","hentry"],"yoast_head":"<!-- This site is optimized with the Yoast SEO Premium plugin v19.0.1 (Yoast SEO v23.7) - https:\/\/yoast.com\/wordpress\/plugins\/seo\/ -->\n<title>M\u1eb7t s\u00e0n v\u0103n ph\u00f2ng cho thu\u00ea t\u1ea1i SD Building<\/title>\n<meta name=\"description\" content=\"SD Building l\u00e0 t\u00f2a v\u0103n ph\u00f2ng h\u1ea1ng A s\u1edf h\u1eefu m\u1eb7t s\u00e0n cho thu\u00ea v\u1edbi \u0111\u1ea7y \u0111\u1ee7 di\u1ec7n t\u00edch, d\u1ecbch v\u1ee5 cao c\u1ea5p, n\u1ed9i th\u1ea5t sang tr\u1ecdng v\u00e0 ti\u1ec7n nghi.\" \/>\n<meta name=\"robots\" content=\"index, follow, max-snippet:-1, max-image-preview:large, max-video-preview:-1\" \/>\n<link rel=\"canonical\" href=\"https:\/\/sdbuilding.com.vn\/en\/mat-san-van-phong-cho-thue\/\" \/>\n<meta property=\"og:locale\" content=\"en_GB\" \/>\n<meta property=\"og:type\" content=\"article\" \/>\n<meta property=\"og:title\" content=\"M\u1eb7t s\u00e0n v\u0103n ph\u00f2ng cho thu\u00ea\" \/>\n<meta property=\"og:description\" content=\"SD Building l\u00e0 t\u00f2a v\u0103n ph\u00f2ng h\u1ea1ng A s\u1edf h\u1eefu m\u1eb7t s\u00e0n cho thu\u00ea v\u1edbi \u0111\u1ea7y \u0111\u1ee7 di\u1ec7n t\u00edch, d\u1ecbch v\u1ee5 cao c\u1ea5p, n\u1ed9i th\u1ea5t sang tr\u1ecdng v\u00e0 ti\u1ec7n nghi.\" \/>\n<meta property=\"og:url\" content=\"https:\/\/sdbuilding.com.vn\/en\/mat-san-van-phong-cho-thue\/\" \/>\n<meta property=\"og:site_name\" content=\"SD Building - T\u00f2a nh\u00e0 v\u0103n ph\u00f2ng h\u1ea1ng A t\u1ea1i Long Bi\u00ean\" \/>\n<meta property=\"article:modified_time\" content=\"2024-07-20T03:16:45+00:00\" \/>\n<meta property=\"og:image\" content=\"https:\/\/sdbuilding.com.vn\/wp-content\/uploads\/2023\/09\/Building.jpg\" \/>\n\t<meta property=\"og:image:width\" content=\"2426\" \/>\n\t<meta property=\"og:image:height\" content=\"2132\" \/>\n\t<meta property=\"og:image:type\" content=\"image\/jpeg\" \/>\n<meta name=\"twitter:card\" content=\"summary_large_image\" \/>\n<meta name=\"twitter:label1\" content=\"Estimated reading time\" \/>\n\t<meta name=\"twitter:data1\" content=\"3 minutes\" \/>\n<script type=\"application\/ld+json\" class=\"yoast-schema-graph\">{\"@context\":\"https:\/\/schema.org\",\"@graph\":[{\"@type\":\"WebPage\",\"@id\":\"https:\/\/sdbuilding.com.vn\/mat-san-van-phong-cho-thue\/\",\"url\":\"https:\/\/sdbuilding.com.vn\/mat-san-van-phong-cho-thue\/\",\"name\":\"M\u1eb7t s\u00e0n v\u0103n ph\u00f2ng cho thu\u00ea t\u1ea1i SD Building\",\"isPartOf\":{\"@id\":\"https:\/\/sdbuilding.com.vn\/#website\"},\"primaryImageOfPage\":{\"@id\":\"https:\/\/sdbuilding.com.vn\/mat-san-van-phong-cho-thue\/#primaryimage\"},\"image\":{\"@id\":\"https:\/\/sdbuilding.com.vn\/mat-san-van-phong-cho-thue\/#primaryimage\"},\"thumbnailUrl\":\"https:\/\/sdbuilding.com.vn\/wp-content\/uploads\/2023\/09\/Building.jpg\",\"datePublished\":\"2023-07-05T01:03:23+00:00\",\"dateModified\":\"2024-07-20T03:16:45+00:00\",\"description\":\"SD Building l\u00e0 t\u00f2a v\u0103n ph\u00f2ng h\u1ea1ng A s\u1edf h\u1eefu m\u1eb7t s\u00e0n cho thu\u00ea v\u1edbi \u0111\u1ea7y \u0111\u1ee7 di\u1ec7n t\u00edch, d\u1ecbch v\u1ee5 cao c\u1ea5p, n\u1ed9i th\u1ea5t sang tr\u1ecdng v\u00e0 ti\u1ec7n nghi.\",\"breadcrumb\":{\"@id\":\"https:\/\/sdbuilding.com.vn\/mat-san-van-phong-cho-thue\/#breadcrumb\"},\"inLanguage\":\"en-GB\",\"potentialAction\":[{\"@type\":\"ReadAction\",\"target\":[\"https:\/\/sdbuilding.com.vn\/mat-san-van-phong-cho-thue\/\"]}]},{\"@type\":\"ImageObject\",\"inLanguage\":\"en-GB\",\"@id\":\"https:\/\/sdbuilding.com.vn\/mat-san-van-phong-cho-thue\/#primaryimage\",\"url\":\"https:\/\/sdbuilding.com.vn\/wp-content\/uploads\/2023\/09\/Building.jpg\",\"contentUrl\":\"https:\/\/sdbuilding.com.vn\/wp-content\/uploads\/2023\/09\/Building.jpg\",\"width\":2426,\"height\":2132},{\"@type\":\"BreadcrumbList\",\"@id\":\"https:\/\/sdbuilding.com.vn\/mat-san-van-phong-cho-thue\/#breadcrumb\",\"itemListElement\":[{\"@type\":\"ListItem\",\"position\":1,\"name\":\"Home\",\"item\":\"https:\/\/sdbuilding.com.vn\/\"},{\"@type\":\"ListItem\",\"position\":2,\"name\":\"M\u1eb7t s\u00e0n v\u0103n ph\u00f2ng cho thu\u00ea\"}]},{\"@type\":\"WebSite\",\"@id\":\"https:\/\/sdbuilding.com.vn\/#website\",\"url\":\"https:\/\/sdbuilding.com.vn\/\",\"name\":\"SD Building - T\u00f2a nh\u00e0 v\u0103n ph\u00f2ng h\u1ea1ng A t\u1ea1i Long Bi\u00ean\",\"description\":\"\",\"potentialAction\":[{\"@type\":\"SearchAction\",\"target\":{\"@type\":\"EntryPoint\",\"urlTemplate\":\"https:\/\/sdbuilding.com.vn\/?s={search_term_string}\"},\"query-input\":{\"@type\":\"PropertyValueSpecification\",\"valueRequired\":true,\"valueName\":\"search_term_string\"}}],\"inLanguage\":\"en-GB\"}]}<\/script>\n<!-- \/ Yoast SEO Premium plugin. -->","yoast_head_json":{"title":"M\u1eb7t s\u00e0n v\u0103n ph\u00f2ng cho thu\u00ea t\u1ea1i SD Building","description":"SD Building l\u00e0 t\u00f2a v\u0103n ph\u00f2ng h\u1ea1ng A s\u1edf h\u1eefu m\u1eb7t s\u00e0n cho thu\u00ea v\u1edbi \u0111\u1ea7y \u0111\u1ee7 di\u1ec7n t\u00edch, d\u1ecbch v\u1ee5 cao c\u1ea5p, n\u1ed9i th\u1ea5t sang tr\u1ecdng v\u00e0 ti\u1ec7n nghi.","robots":{"index":"index","follow":"follow","max-snippet":"max-snippet:-1","max-image-preview":"max-image-preview:large","max-video-preview":"max-video-preview:-1"},"canonical":"https:\/\/sdbuilding.com.vn\/en\/mat-san-van-phong-cho-thue\/","og_locale":"en_GB","og_type":"article","og_title":"M\u1eb7t s\u00e0n v\u0103n ph\u00f2ng cho thu\u00ea","og_description":"SD Building l\u00e0 t\u00f2a v\u0103n ph\u00f2ng h\u1ea1ng A s\u1edf h\u1eefu m\u1eb7t s\u00e0n cho thu\u00ea v\u1edbi \u0111\u1ea7y \u0111\u1ee7 di\u1ec7n t\u00edch, d\u1ecbch v\u1ee5 cao c\u1ea5p, n\u1ed9i th\u1ea5t sang tr\u1ecdng v\u00e0 ti\u1ec7n nghi.","og_url":"https:\/\/sdbuilding.com.vn\/en\/mat-san-van-phong-cho-thue\/","og_site_name":"SD Building - T\u00f2a nh\u00e0 v\u0103n ph\u00f2ng h\u1ea1ng A t\u1ea1i Long Bi\u00ean","article_modified_time":"2024-07-20T03:16:45+00:00","og_image":[{"url":"https:\/\/sdbuilding.com.vn\/wp-content\/uploads\/2023\/09\/Building.jpg","width":2426,"height":2132,"type":"image\/jpeg"}],"twitter_card":"summary_large_image","twitter_misc":{"Estimated reading time":"3 minutes"},"schema":{"@context":"https:\/\/schema.org","@graph":[{"@type":"WebPage","@id":"https:\/\/sdbuilding.com.vn\/mat-san-van-phong-cho-thue\/","url":"https:\/\/sdbuilding.com.vn\/mat-san-van-phong-cho-thue\/","name":"M\u1eb7t s\u00e0n v\u0103n ph\u00f2ng cho thu\u00ea t\u1ea1i SD Building","isPartOf":{"@id":"https:\/\/sdbuilding.com.vn\/#website"},"primaryImageOfPage":{"@id":"https:\/\/sdbuilding.com.vn\/mat-san-van-phong-cho-thue\/#primaryimage"},"image":{"@id":"https:\/\/sdbuilding.com.vn\/mat-san-van-phong-cho-thue\/#primaryimage"},"thumbnailUrl":"https:\/\/sdbuilding.com.vn\/wp-content\/uploads\/2023\/09\/Building.jpg","datePublished":"2023-07-05T01:03:23+00:00","dateModified":"2024-07-20T03:16:45+00:00","description":"SD Building l\u00e0 t\u00f2a v\u0103n ph\u00f2ng h\u1ea1ng A s\u1edf h\u1eefu m\u1eb7t s\u00e0n cho thu\u00ea v\u1edbi \u0111\u1ea7y \u0111\u1ee7 di\u1ec7n t\u00edch, d\u1ecbch v\u1ee5 cao c\u1ea5p, n\u1ed9i th\u1ea5t sang tr\u1ecdng v\u00e0 ti\u1ec7n nghi.","breadcrumb":{"@id":"https:\/\/sdbuilding.com.vn\/mat-san-van-phong-cho-thue\/#breadcrumb"},"inLanguage":"en-GB","potentialAction":[{"@type":"ReadAction","target":["https:\/\/sdbuilding.com.vn\/mat-san-van-phong-cho-thue\/"]}]},{"@type":"ImageObject","inLanguage":"en-GB","@id":"https:\/\/sdbuilding.com.vn\/mat-san-van-phong-cho-thue\/#primaryimage","url":"https:\/\/sdbuilding.com.vn\/wp-content\/uploads\/2023\/09\/Building.jpg","contentUrl":"https:\/\/sdbuilding.com.vn\/wp-content\/uploads\/2023\/09\/Building.jpg","width":2426,"height":2132},{"@type":"BreadcrumbList","@id":"https:\/\/sdbuilding.com.vn\/mat-san-van-phong-cho-thue\/#breadcrumb","itemListElement":[{"@type":"ListItem","position":1,"name":"Home","item":"https:\/\/sdbuilding.com.vn\/"},{"@type":"ListItem","position":2,"name":"M\u1eb7t s\u00e0n v\u0103n ph\u00f2ng cho thu\u00ea"}]},{"@type":"WebSite","@id":"https:\/\/sdbuilding.com.vn\/#website","url":"https:\/\/sdbuilding.com.vn\/","name":"SD Building - T\u00f2a nh\u00e0 v\u0103n ph\u00f2ng h\u1ea1ng A t\u1ea1i Long Bi\u00ean","description":"","potentialAction":[{"@type":"SearchAction","target":{"@type":"EntryPoint","urlTemplate":"https:\/\/sdbuilding.com.vn\/?s={search_term_string}"},"query-input":{"@type":"PropertyValueSpecification","valueRequired":true,"valueName":"search_term_string"}}],"inLanguage":"en-GB"}]}},"_links":{"self":[{"href":"https:\/\/sdbuilding.com.vn\/en\/wp-json\/wp\/v2\/pages\/371","targetHints":{"allow":["GET"]}}],"collection":[{"href":"https:\/\/sdbuilding.com.vn\/en\/wp-json\/wp\/v2\/pages"}],"about":[{"href":"https:\/\/sdbuilding.com.vn\/en\/wp-json\/wp\/v2\/types\/page"}],"author":[{"embeddable":true,"href":"https:\/\/sdbuilding.com.vn\/en\/wp-json\/wp\/v2\/users\/1"}],"replies":[{"embeddable":true,"href":"https:\/\/sdbuilding.com.vn\/en\/wp-json\/wp\/v2\/comments?post=371"}],"version-history":[{"count":23,"href":"https:\/\/sdbuilding.com.vn\/en\/wp-json\/wp\/v2\/pages\/371\/revisions"}],"predecessor-version":[{"id":895,"href":"https:\/\/sdbuilding.com.vn\/en\/wp-json\/wp\/v2\/pages\/371\/revisions\/895"}],"wp:featuredmedia":[{"embeddable":true,"href":"https:\/\/sdbuilding.com.vn\/en\/wp-json\/wp\/v2\/media\/771"}],"wp:attachment":[{"href":"https:\/\/sdbuilding.com.vn\/en\/wp-json\/wp\/v2\/media?parent=371"}],"curies":[{"name":"wp","href":"https:\/\/api.w.org\/{rel}","templated":true}]}}