{"id":375,"date":"2023-07-05T01:04:06","date_gmt":"2023-07-05T01:04:06","guid":{"rendered":"https:\/\/sdbuilding.com.vn\/?page_id=375"},"modified":"2023-07-11T00:56:40","modified_gmt":"2023-07-11T00:56:40","slug":"cho-ngoi-co-dinh","status":"publish","type":"page","link":"https:\/\/sdbuilding.com.vn\/en\/cho-ngoi-co-dinh\/","title":{"rendered":"Dedicated Desk"},"content":{"rendered":"<section class=\"section\" id=\"section_654647850\">\n\t\t<div class=\"bg section-bg fill bg-fill  bg-loaded\" >\n\n\t\t\t\n\t\t\t\n\t\t\t\n\n\t\t<\/div>\n\n\t\t\n\n\t\t<div class=\"section-content relative\">\n\t\t\t\n<div class=\"row\"  id=\"row-652989795\">\n\n\t<div id=\"col-980871171\" class=\"col medium-6 small-12 large-6\"  >\n\t\t\t\t<div class=\"col-inner\"  >\n\t\t\t\n\t\t\t\n\t<div id=\"text-3130181432\" class=\"text\">\n\t\t\n<h1 class=\"css-1kks9gf\">Dedicated Desk<span class=\"css-1x6b7sj\" aria-hidden=\"true\">.<\/span><\/h1>\n<p>We provide dedicated desks in a shared workspace, offering stability and convenience for your work. Your designated work area is maintained for your daily tasks, allowing you to focus and enhance productivity.<br \/>\n\t\t\n<style>\n#text-3130181432 {\n  font-size: 1.15rem;\n}\n<\/style>\n\t<\/div>\n\t\n<a class=\"button primary bao_gia popmake-628\"  >\n    <span>Get a quote<\/span>\n  <\/a>\n\n\t\t<\/div>\n\t\t\t\t\t<\/div>\n\n\t\n\n\t<div id=\"col-1926642481\" class=\"col medium-6 small-12 large-6\"  >\n\t\t\t\t<div class=\"col-inner\"  >\n\t\t\t\n\t\t\t\n\t<div class=\"img has-hover x md-x lg-x y md-y lg-y\" id=\"image_1421399613\">\n\t\t\t\t\t\t\t\t<div class=\"img-inner image-cover dark\" style=\"padding-top:65%;\">\n\t\t\t\t\t\t\t\t\t\n\t\t\t\t\t<\/div>\n\t\t\t\t\t\t\t\t\n<style>\n#image_1421399613 {\n  width: 100%;\n}\n<\/style>\n\t<\/div>\n\t\n\t\t<\/div>\n\t\t\t\t\t<\/div>\n\n\t\n<\/div>\n\t\t<\/div>\n\n\t\t\n<style>\n#section_654647850 {\n  padding-top: 30px;\n  padding-bottom: 30px;\n  background-color: rgb(244, 243, 240);\n}\n#section_654647850 .ux-shape-divider--top svg {\n  height: 150px;\n  --divider-top-width: 100%;\n}\n#section_654647850 .ux-shape-divider--bottom svg {\n  height: 150px;\n  --divider-width: 100%;\n}\n<\/style>\n\t<\/section>\n\t\n<div class=\"row row-large\"  id=\"row-600226951\">\n\n\t<div id=\"col-757364303\" class=\"col medium-6 small-12 large-6\"  >\n\t\t\t\t<div class=\"col-inner text-center\"  >\n\t\t\t\n\t\t\t\n\t<div class=\"img has-hover x md-x lg-x y md-y lg-y\" id=\"image_403724894\">\n\t\t\t\t\t\t\t\t<div class=\"img-inner dark\" >\n\t\t\t<img decoding=\"async\" width=\"3409\" height=\"2935\" src=\"https:\/\/sdbuilding.com.vn\/wp-content\/uploads\/2023\/07\/12.jpg\" class=\"attachment-large size-large\" alt=\"\" srcset=\"https:\/\/sdbuilding.com.vn\/wp-content\/uploads\/2023\/07\/12.jpg 3409w, https:\/\/sdbuilding.com.vn\/wp-content\/uploads\/2023\/07\/12-768x661.jpg 768w, https:\/\/sdbuilding.com.vn\/wp-content\/uploads\/2023\/07\/12-1536x1322.jpg 1536w, https:\/\/sdbuilding.com.vn\/wp-content\/uploads\/2023\/07\/12-2048x1763.jpg 2048w, https:\/\/sdbuilding.com.vn\/wp-content\/uploads\/2023\/07\/12-510x439.jpg 510w\" sizes=\"(max-width: 3409px) 100vw, 3409px\" \/>\t\t\t\t\t\t\n\t\t\t\t\t<\/div>\n\t\t\t\t\t\t\t\t\n<style>\n#image_403724894 {\n  width: 100%;\n}\n<\/style>\n\t<\/div>\n\t\n\t\t<\/div>\n\t\t\t\t\t<\/div>\n\n\t\n\n\t<div id=\"col-866015087\" class=\"col tt_s1 medium-6 small-12 large-6\"  >\n\t\t\t\t<div class=\"col-inner\"  >\n\t\t\t\n\t\t\t\n\t<div id=\"text-3365714332\" class=\"text\">\n\t\t\n<ul>\n<li>Our dedicated desks are equipped with modern amenities and provide a comfortable workspace, ensuring that you have an ideal working environment. You can personalize and arrange the space according to your preferences, creating a workspace that suits your needs and style.<\/li>\n<li>In addition, you will have access to all the amenities and services that our co-working space provides. From shared meeting rooms to pantry areas and community activities, you can enjoy the full range of facilities and engage in a vibrant community.<\/li>\n<\/ul>\n\t\t\n<style>\n#text-3365714332 {\n  font-size: 1.35rem;\n}\n<\/style>\n\t<\/div>\n\t\n\t\t<\/div>\n\t\t\t\t\t<\/div>\n\n\t\n<\/div>\n<div class=\"row\"  id=\"row-1550570696\">\n\n\t<div id=\"col-368637479\" class=\"col medium-3 small-12 large-3\"  >\n\t\t\t\t<div class=\"col-inner\"  >\n\t\t\t\n\t\t\t\n\t<div id=\"text-4231685291\" class=\"text tiles\">\n\t\t\n<h2>Office<br \/>\n<span style=\"color: #f99b1c;\">Solutions<\/span><\/h2>\n\t\t\t<\/div>\n\t\n\t\t<\/div>\n\t\t\t\t\t<\/div>\n\n\t\n\n\t<div id=\"col-42504465\" class=\"col medium-9 small-12 large-9\"  >\n\t\t\t\t<div class=\"col-inner\"  >\n\t\t\t\n\t\t\t\n<div class=\"row\"  id=\"row-1305011926\">\n\n\t<div id=\"col-335559237\" class=\"col medium-4 small-12 large-4\"  >\n\t\t\t\t<div class=\"col-inner\"  >\n\t\t\t\n\t\t\t\n\t<div class=\"box has-hover box_ss  has-hover box-shade dark box-text-bottom\" >\n\n\t\t<div class=\"box-image\" >\n\t\t\t<a href=\"https:\/\/sdbuilding.com.vn\/en\/mat-san-van-phong-cho-thue\/\"  >\t\t\t<div class=\"image-cover\" style=\"padding-top:100%;\">\n\t\t\t\t\t\t\t\t<div class=\"overlay\" style=\"background-color:rgba(0, 0, 0, 0.238)\"><\/div>\t\t\t\t<div class=\"shade\"><\/div>\t\t\t<\/div>\n\t\t\t<\/a>\t\t<\/div>\n\n\t\t<div class=\"box-text text-center\" >\n\t\t\t<div class=\"box-text-inner\">\n\t\t\t\t\n<h4><a href=\"https:\/\/sdbuilding.com.vn\/en\/mat-san-van-phong-cho-thue\/\">Conventional Office<\/a><\/h4>\n\t\t\t<\/div>\n\t\t<\/div>\n\t<\/div>\n\t\n\t\t<\/div>\n\t\t\t\t\t<\/div>\n\n\t\n\n\t<div id=\"col-694634703\" class=\"col medium-4 small-12 large-4\"  >\n\t\t\t\t<div class=\"col-inner\"  >\n\t\t\t\n\t\t\t\n\t<div class=\"box has-hover box_ss  has-hover box-shade dark box-text-bottom\" >\n\n\t\t<div class=\"box-image\" >\n\t\t\t<a href=\"https:\/\/sdbuilding.com.vn\/en\/mat-san-van-phong-rieng\/\"  >\t\t\t<div class=\"image-cover\" style=\"padding-top:100%;\">\n\t\t\t\t<img decoding=\"async\" width=\"5222\" height=\"2936\" src=\"https:\/\/sdbuilding.com.vn\/wp-content\/uploads\/2023\/07\/44.jpg\" class=\"attachment-original size-original\" alt=\"\" srcset=\"https:\/\/sdbuilding.com.vn\/wp-content\/uploads\/2023\/07\/44.jpg 5222w, https:\/\/sdbuilding.com.vn\/wp-content\/uploads\/2023\/07\/44-768x432.jpg 768w, https:\/\/sdbuilding.com.vn\/wp-content\/uploads\/2023\/07\/44-1536x864.jpg 1536w, https:\/\/sdbuilding.com.vn\/wp-content\/uploads\/2023\/07\/44-2048x1151.jpg 2048w, https:\/\/sdbuilding.com.vn\/wp-content\/uploads\/2023\/07\/44-510x287.jpg 510w\" sizes=\"(max-width: 5222px) 100vw, 5222px\" \/>\t\t\t\t<div class=\"overlay\" style=\"background-color:rgba(0, 0, 0, 0.238)\"><\/div>\t\t\t\t<div class=\"shade\"><\/div>\t\t\t<\/div>\n\t\t\t<\/a>\t\t<\/div>\n\n\t\t<div class=\"box-text text-center\" >\n\t\t\t<div class=\"box-text-inner\">\n\t\t\t\t\n<h4><a href=\"https:\/\/sdbuilding.com.vn\/en\/mat-san-van-phong-rieng\/\">Private Office<\/a><\/h4>\n\t\t\t<\/div>\n\t\t<\/div>\n\t<\/div>\n\t\n\t\t<\/div>\n\t\t\t\t\t<\/div>\n\n\t\n\n\t<div id=\"col-240007272\" class=\"col medium-4 small-12 large-4\"  >\n\t\t\t\t<div class=\"col-inner\"  >\n\t\t\t\n\t\t\t\n\t<div class=\"box has-hover box_ss  has-hover box-shade dark box-text-bottom\" >\n\n\t\t<div class=\"box-image\" >\n\t\t\t<a href=\"https:\/\/sdbuilding.com.vn\/en\/cho-ngoi-co-dinh\/\"  >\t\t\t<div class=\"image-cover\" style=\"padding-top:100%;\">\n\t\t\t\t<img decoding=\"async\" width=\"1900\" height=\"1069\" src=\"https:\/\/sdbuilding.com.vn\/wp-content\/uploads\/2023\/07\/19.jpg\" class=\"attachment-original size-original\" alt=\"\" srcset=\"https:\/\/sdbuilding.com.vn\/wp-content\/uploads\/2023\/07\/19.jpg 1900w, https:\/\/sdbuilding.com.vn\/wp-content\/uploads\/2023\/07\/19-768x432.jpg 768w, https:\/\/sdbuilding.com.vn\/wp-content\/uploads\/2023\/07\/19-1536x864.jpg 1536w, https:\/\/sdbuilding.com.vn\/wp-content\/uploads\/2023\/07\/19-510x287.jpg 510w\" sizes=\"(max-width: 1900px) 100vw, 1900px\" \/>\t\t\t\t<div class=\"overlay\" style=\"background-color:rgba(0, 0, 0, 0.238)\"><\/div>\t\t\t\t<div class=\"shade\"><\/div>\t\t\t<\/div>\n\t\t\t<\/a>\t\t<\/div>\n\n\t\t<div class=\"box-text text-center\" >\n\t\t\t<div class=\"box-text-inner\">\n\t\t\t\t\n<h4><a href=\"https:\/\/sdbuilding.com.vn\/en\/cho-ngoi-co-dinh\/\">Dedicated Desk<\/a><\/h4>\n\t\t\t<\/div>\n\t\t<\/div>\n\t<\/div>\n\t\n\t\t<\/div>\n\t\t\t\t\t<\/div>\n\n\t\n<\/div>\n\t\t<\/div>\n\t\t\t\t\t<\/div>\n\n\t\n<\/div>\n\t<section class=\"section\" id=\"section_1375582861\">\n\t\t<div class=\"bg section-bg fill bg-fill  bg-loaded\" >\n\n\t\t\t\n\t\t\t\n\t\t\t\n\n\t\t<\/div>\n\n\t\t\n\n\t\t<div class=\"section-content relative\">\n\t\t\t\n<div class=\"row row-large\"  id=\"row-55041639\">\n\n\t<div id=\"col-1119576060\" class=\"col col_shotro medium-7 small-12 large-7\"  >\n\t\t\t\t<div class=\"col-inner\"  >\n\t\t\t\n\t\t\t\n\t<div id=\"text-678807884\" class=\"text\">\n\t\t\n<div id=\"text-3752634176\" class=\"text\">\n<div class=\"elementor-element elementor-element-4372b7be elementor-widget elementor-widget-heading\" data-id=\"4372b7be\" data-element_type=\"widget\" data-widget_type=\"heading.default\">\n<div class=\"elementor-widget-container\">\n<h2 class=\"elementor-heading-title elementor-size-default\">Save 90% of your time and resources in office searching with our assistance.<\/h2>\n<\/div>\n<\/div>\n<div class=\"elementor-element elementor-element-19f30efb elementor-hidden-phone elementor-widget elementor-widget-maisonreal-icon-list\" data-id=\"19f30efb\" data-element_type=\"widget\" data-widget_type=\"maisonreal-icon-list.default\">\n<div class=\"elementor-widget-container\">\n<ul class=\"elementor-icon-list-items elementor-inline-items\">\n<li class=\"elementor-icon-list-item\"><span class=\"elementor-icon-list-icon\"><i>1<\/i><\/span><span class=\"elementor-icon-list-text\">Receive a quote for suitable office types.<\/span><\/li>\n<li class=\"elementor-icon-list-item\"><span class=\"elementor-icon-list-icon\"><i>2<\/i><\/span><span class=\"elementor-icon-list-text\">Receive a quote for suitable office types.<\/span><\/li>\n<li class=\"elementor-icon-list-item\"><span class=\"elementor-icon-list-icon\"><i>3<\/i><\/span><span class=\"elementor-icon-list-text\">Evaluate the advantages and disadvantages of each office type comprehensively.<\/span><\/li>\n<li class=\"elementor-icon-list-item\"><span class=\"elementor-icon-list-icon\"><i>4<\/i><\/span><span class=\"elementor-icon-list-text\">Get the best rental costs and leasing terms.<\/span><\/li>\n<\/ul>\n<\/div>\n<\/div>\n<style>\n#text-3752634176 {<br \/>\n  font-size: 1.25rem;<br \/>\n}<br \/>\n<\/style>\n<\/p>\n<\/div>\n\t\t\n<style>\n#text-678807884 {\n  font-size: 1.25rem;\n}\n<\/style>\n\t<\/div>\n\t\n\t<div id=\"gap-1400539386\" class=\"gap-element clearfix\" style=\"display:block; height:auto;\">\n\t\t\n<style>\n#gap-1400539386 {\n  padding-top: 30px;\n}\n<\/style>\n\t<\/div>\n\t\n<a href=\"tel:0903281888\" target=\"_self\" class=\"button primary\"  >\n    <span>Hotline: +84 903 281 888<\/span>\n  <\/a>\n\n<a class=\"button white is-outline\"  >\n    <span>Send Your Inquiries<\/span>\n  <\/a>\n\n\t\t<\/div>\n\t\t\t\t\t<\/div>\n\n\t\n\n\t<div id=\"col-490858266\" class=\"col medium-5 small-12 large-5\"  >\n\t\t\t\t<div class=\"col-inner\"  >\n\t\t\t\n\t\t\t\n\t<div class=\"img has-hover x md-x lg-x y md-y lg-y\" id=\"image_1216545717\">\n\t\t\t\t\t\t\t\t<div class=\"img-inner image-cover dark\" style=\"padding-top:100%;\">\n\t\t\t<img decoding=\"async\" width=\"1501\" height=\"1411\" src=\"https:\/\/sdbuilding.com.vn\/wp-content\/uploads\/2023\/07\/9-e1688722756171.jpg\" class=\"attachment-large size-large\" alt=\"\" srcset=\"https:\/\/sdbuilding.com.vn\/wp-content\/uploads\/2023\/07\/9-e1688722756171.jpg 1501w, https:\/\/sdbuilding.com.vn\/wp-content\/uploads\/2023\/07\/9-e1688722756171-768x722.jpg 768w, https:\/\/sdbuilding.com.vn\/wp-content\/uploads\/2023\/07\/9-e1688722756171-510x479.jpg 510w\" sizes=\"(max-width: 1501px) 100vw, 1501px\" \/>\t\t\t\t\t\t\n\t\t\t\t\t<\/div>\n\t\t\t\t\t\t\t\t\n<style>\n#image_1216545717 {\n  width: 100%;\n}\n<\/style>\n\t<\/div>\n\t\n\t\t<\/div>\n\t\t\t\t\t<\/div>\n\n\t\n<\/div>\n\t\t<\/div>\n\n\t\t\n<style>\n#section_1375582861 {\n  padding-top: 30px;\n  padding-bottom: 30px;\n  background-color: rgb(244, 243, 240);\n}\n#section_1375582861 .ux-shape-divider--top svg {\n  height: 150px;\n  --divider-top-width: 100%;\n}\n#section_1375582861 .ux-shape-divider--bottom svg {\n  height: 150px;\n  --divider-width: 100%;\n}\n<\/style>\n\t<\/section>","protected":false},"excerpt":{"rendered":"","protected":false},"author":1,"featured_media":0,"parent":0,"menu_order":0,"comment_status":"closed","ping_status":"closed","template":"page-blank.php","meta":{"footnotes":""},"class_list":["post-375","page","type-page","status-publish","hentry"],"yoast_head":"<!-- This site is optimized with the Yoast SEO Premium plugin v19.0.1 (Yoast SEO v23.7) - https:\/\/yoast.com\/wordpress\/plugins\/seo\/ -->\n<title>Ch\u1ed7 ng\u1ed3i c\u1ed1 \u0111\u1ecbnh - SD Building - T\u00f2a nh\u00e0 v\u0103n ph\u00f2ng h\u1ea1ng A t\u1ea1i Long Bi\u00ean<\/title>\n<meta name=\"robots\" content=\"index, follow, max-snippet:-1, max-image-preview:large, max-video-preview:-1\" \/>\n<link rel=\"canonical\" href=\"https:\/\/sdbuilding.com.vn\/en\/cho-ngoi-co-dinh\/\" \/>\n<meta property=\"og:locale\" content=\"en_GB\" \/>\n<meta property=\"og:type\" content=\"article\" \/>\n<meta property=\"og:title\" content=\"Ch\u1ed7 ng\u1ed3i c\u1ed1 \u0111\u1ecbnh\" \/>\n<meta property=\"og:url\" content=\"https:\/\/sdbuilding.com.vn\/en\/cho-ngoi-co-dinh\/\" \/>\n<meta property=\"og:site_name\" content=\"SD Building - T\u00f2a nh\u00e0 v\u0103n ph\u00f2ng h\u1ea1ng A t\u1ea1i Long Bi\u00ean\" \/>\n<meta property=\"article:modified_time\" content=\"2023-07-11T00:56:40+00:00\" \/>\n<meta name=\"twitter:card\" content=\"summary_large_image\" \/>\n<meta name=\"twitter:label1\" content=\"Estimated reading time\" \/>\n\t<meta name=\"twitter:data1\" content=\"3 minutes\" \/>\n<script type=\"application\/ld+json\" class=\"yoast-schema-graph\">{\"@context\":\"https:\/\/schema.org\",\"@graph\":[{\"@type\":\"WebPage\",\"@id\":\"https:\/\/sdbuilding.com.vn\/cho-ngoi-co-dinh\/\",\"url\":\"https:\/\/sdbuilding.com.vn\/cho-ngoi-co-dinh\/\",\"name\":\"Ch\u1ed7 ng\u1ed3i c\u1ed1 \u0111\u1ecbnh - SD Building - T\u00f2a nh\u00e0 v\u0103n ph\u00f2ng h\u1ea1ng A t\u1ea1i Long Bi\u00ean\",\"isPartOf\":{\"@id\":\"https:\/\/sdbuilding.com.vn\/#website\"},\"datePublished\":\"2023-07-05T01:04:06+00:00\",\"dateModified\":\"2023-07-11T00:56:40+00:00\",\"breadcrumb\":{\"@id\":\"https:\/\/sdbuilding.com.vn\/cho-ngoi-co-dinh\/#breadcrumb\"},\"inLanguage\":\"en-GB\",\"potentialAction\":[{\"@type\":\"ReadAction\",\"target\":[\"https:\/\/sdbuilding.com.vn\/cho-ngoi-co-dinh\/\"]}]},{\"@type\":\"BreadcrumbList\",\"@id\":\"https:\/\/sdbuilding.com.vn\/cho-ngoi-co-dinh\/#breadcrumb\",\"itemListElement\":[{\"@type\":\"ListItem\",\"position\":1,\"name\":\"Home\",\"item\":\"https:\/\/sdbuilding.com.vn\/\"},{\"@type\":\"ListItem\",\"position\":2,\"name\":\"Ch\u1ed7 ng\u1ed3i c\u1ed1 \u0111\u1ecbnh\"}]},{\"@type\":\"WebSite\",\"@id\":\"https:\/\/sdbuilding.com.vn\/#website\",\"url\":\"https:\/\/sdbuilding.com.vn\/\",\"name\":\"SD Building - T\u00f2a nh\u00e0 v\u0103n ph\u00f2ng h\u1ea1ng A t\u1ea1i Long Bi\u00ean\",\"description\":\"\",\"potentialAction\":[{\"@type\":\"SearchAction\",\"target\":{\"@type\":\"EntryPoint\",\"urlTemplate\":\"https:\/\/sdbuilding.com.vn\/?s={search_term_string}\"},\"query-input\":{\"@type\":\"PropertyValueSpecification\",\"valueRequired\":true,\"valueName\":\"search_term_string\"}}],\"inLanguage\":\"en-GB\"}]}<\/script>\n<!-- \/ Yoast SEO Premium plugin. -->","yoast_head_json":{"title":"Ch\u1ed7 ng\u1ed3i c\u1ed1 \u0111\u1ecbnh - SD Building - T\u00f2a nh\u00e0 v\u0103n ph\u00f2ng h\u1ea1ng A t\u1ea1i Long Bi\u00ean","robots":{"index":"index","follow":"follow","max-snippet":"max-snippet:-1","max-image-preview":"max-image-preview:large","max-video-preview":"max-video-preview:-1"},"canonical":"https:\/\/sdbuilding.com.vn\/en\/cho-ngoi-co-dinh\/","og_locale":"en_GB","og_type":"article","og_title":"Ch\u1ed7 ng\u1ed3i c\u1ed1 \u0111\u1ecbnh","og_url":"https:\/\/sdbuilding.com.vn\/en\/cho-ngoi-co-dinh\/","og_site_name":"SD Building - T\u00f2a nh\u00e0 v\u0103n ph\u00f2ng h\u1ea1ng A t\u1ea1i Long Bi\u00ean","article_modified_time":"2023-07-11T00:56:40+00:00","twitter_card":"summary_large_image","twitter_misc":{"Estimated reading time":"3 minutes"},"schema":{"@context":"https:\/\/schema.org","@graph":[{"@type":"WebPage","@id":"https:\/\/sdbuilding.com.vn\/cho-ngoi-co-dinh\/","url":"https:\/\/sdbuilding.com.vn\/cho-ngoi-co-dinh\/","name":"Ch\u1ed7 ng\u1ed3i c\u1ed1 \u0111\u1ecbnh - SD Building - T\u00f2a nh\u00e0 v\u0103n ph\u00f2ng h\u1ea1ng A t\u1ea1i Long Bi\u00ean","isPartOf":{"@id":"https:\/\/sdbuilding.com.vn\/#website"},"datePublished":"2023-07-05T01:04:06+00:00","dateModified":"2023-07-11T00:56:40+00:00","breadcrumb":{"@id":"https:\/\/sdbuilding.com.vn\/cho-ngoi-co-dinh\/#breadcrumb"},"inLanguage":"en-GB","potentialAction":[{"@type":"ReadAction","target":["https:\/\/sdbuilding.com.vn\/cho-ngoi-co-dinh\/"]}]},{"@type":"BreadcrumbList","@id":"https:\/\/sdbuilding.com.vn\/cho-ngoi-co-dinh\/#breadcrumb","itemListElement":[{"@type":"ListItem","position":1,"name":"Home","item":"https:\/\/sdbuilding.com.vn\/"},{"@type":"ListItem","position":2,"name":"Ch\u1ed7 ng\u1ed3i c\u1ed1 \u0111\u1ecbnh"}]},{"@type":"WebSite","@id":"https:\/\/sdbuilding.com.vn\/#website","url":"https:\/\/sdbuilding.com.vn\/","name":"SD Building - T\u00f2a nh\u00e0 v\u0103n ph\u00f2ng h\u1ea1ng A t\u1ea1i Long Bi\u00ean","description":"","potentialAction":[{"@type":"SearchAction","target":{"@type":"EntryPoint","urlTemplate":"https:\/\/sdbuilding.com.vn\/?s={search_term_string}"},"query-input":{"@type":"PropertyValueSpecification","valueRequired":true,"valueName":"search_term_string"}}],"inLanguage":"en-GB"}]}},"_links":{"self":[{"href":"https:\/\/sdbuilding.com.vn\/en\/wp-json\/wp\/v2\/pages\/375","targetHints":{"allow":["GET"]}}],"collection":[{"href":"https:\/\/sdbuilding.com.vn\/en\/wp-json\/wp\/v2\/pages"}],"about":[{"href":"https:\/\/sdbuilding.com.vn\/en\/wp-json\/wp\/v2\/types\/page"}],"author":[{"embeddable":true,"href":"https:\/\/sdbuilding.com.vn\/en\/wp-json\/wp\/v2\/users\/1"}],"replies":[{"embeddable":true,"href":"https:\/\/sdbuilding.com.vn\/en\/wp-json\/wp\/v2\/comments?post=375"}],"version-history":[{"count":9,"href":"https:\/\/sdbuilding.com.vn\/en\/wp-json\/wp\/v2\/pages\/375\/revisions"}],"predecessor-version":[{"id":658,"href":"https:\/\/sdbuilding.com.vn\/en\/wp-json\/wp\/v2\/pages\/375\/revisions\/658"}],"wp:attachment":[{"href":"https:\/\/sdbuilding.com.vn\/en\/wp-json\/wp\/v2\/media?parent=375"}],"curies":[{"name":"wp","href":"https:\/\/api.w.org\/{rel}","templated":true}]}}