{"id":377,"date":"2023-07-05T01:04:33","date_gmt":"2023-07-05T01:04:33","guid":{"rendered":"https:\/\/sdbuilding.com.vn\/?page_id=377"},"modified":"2023-07-10T01:26:31","modified_gmt":"2023-07-10T01:26:31","slug":"mat-san-van-phong-ao","status":"publish","type":"page","link":"https:\/\/sdbuilding.com.vn\/en\/mat-san-van-phong-ao\/","title":{"rendered":"Virtual Office"},"content":{"rendered":"<section class=\"section\" id=\"section_407489788\">\n\t\t<div class=\"bg section-bg fill bg-fill  bg-loaded\" >\n\n\t\t\t\n\t\t\t\n\t\t\t\n\n\t\t<\/div>\n\n\t\t\n\n\t\t<div class=\"section-content relative\">\n\t\t\t\n<div class=\"row\"  id=\"row-1602072861\">\n\n\t<div id=\"col-166644043\" class=\"col medium-6 small-12 large-6\"  >\n\t\t\t\t<div class=\"col-inner\"  >\n\t\t\t\n\t\t\t\n\t<div id=\"text-3846190085\" class=\"text\">\n\t\t\n<h1 class=\"css-1kks9gf\">Virtual Office<span style=\"color: #ed1c24;\"> !<\/span><\/h1>\n<p>Our virtual office services in our co-working space are the perfect choice for businesses looking to leverage office amenities without the need for a physical location. With virtual office services, you can enjoy prestigious business addresses, professional services, and flexible support without the requirement of working in a traditional office space.<br \/>\n\t\t\n<style>\n#text-3846190085 {\n  font-size: 1.15rem;\n}\n<\/style>\n\t<\/div>\n\t\n<a class=\"button primary bao_gia popmake-628\"  >\n    <span>Get a quote<\/span>\n  <\/a>\n\n\t\t<\/div>\n\t\t\t\t\t<\/div>\n\n\t\n\n\t<div id=\"col-777067890\" class=\"col medium-6 small-12 large-6\"  >\n\t\t\t\t<div class=\"col-inner\"  >\n\t\t\t\n\t\t\t\n\t<div class=\"img has-hover x md-x lg-x y md-y lg-y\" id=\"image_542339498\">\n\t\t\t\t\t\t\t\t<div class=\"img-inner image-cover dark\" style=\"padding-top:65%;\">\n\t\t\t<img decoding=\"async\" width=\"1017\" height=\"839\" src=\"https:\/\/sdbuilding.com.vn\/wp-content\/uploads\/2023\/07\/13.jpg\" class=\"attachment-large size-large\" alt=\"\" srcset=\"https:\/\/sdbuilding.com.vn\/wp-content\/uploads\/2023\/07\/13.jpg 1017w, https:\/\/sdbuilding.com.vn\/wp-content\/uploads\/2023\/07\/13-768x634.jpg 768w, https:\/\/sdbuilding.com.vn\/wp-content\/uploads\/2023\/07\/13-510x421.jpg 510w\" sizes=\"(max-width: 1017px) 100vw, 1017px\" \/>\t\t\t\t\t\t\n\t\t\t\t\t<\/div>\n\t\t\t\t\t\t\t\t\n<style>\n#image_542339498 {\n  width: 100%;\n}\n<\/style>\n\t<\/div>\n\t\n\t\t<\/div>\n\t\t\t\t\t<\/div>\n\n\t\n<\/div>\n\t\t<\/div>\n\n\t\t\n<style>\n#section_407489788 {\n  padding-top: 30px;\n  padding-bottom: 30px;\n  background-color: rgb(244, 243, 240);\n}\n#section_407489788 .ux-shape-divider--top svg {\n  height: 150px;\n  --divider-top-width: 100%;\n}\n#section_407489788 .ux-shape-divider--bottom svg {\n  height: 150px;\n  --divider-width: 100%;\n}\n<\/style>\n\t<\/section>\n\t\n<div class=\"row\"  id=\"row-172545058\">\n\n\t<div id=\"col-1521414891\" class=\"col medium-3 small-12 large-3\"  >\n\t\t\t\t<div class=\"col-inner\"  >\n\t\t\t\n\t\t\t\n\t<div id=\"text-782487421\" class=\"text tiles\">\n\t\t\n<h2>Office<br \/>\n<span style=\"color: #f99b1c;\">Solutions<\/span><\/h2>\n\t\t\t<\/div>\n\t\n\t\t<\/div>\n\t\t\t\t\t<\/div>\n\n\t\n\n\t<div id=\"col-1859724816\" class=\"col medium-9 small-12 large-9\"  >\n\t\t\t\t<div class=\"col-inner\"  >\n\t\t\t\n\t\t\t\n<div class=\"row\"  id=\"row-1290074666\">\n\n\t<div id=\"col-1067491949\" class=\"col medium-4 small-12 large-4\"  >\n\t\t\t\t<div class=\"col-inner\"  >\n\t\t\t\n\t\t\t\n\t<div class=\"box has-hover box_ss  has-hover box-shade dark box-text-bottom\" >\n\n\t\t<div class=\"box-image\" >\n\t\t\t<a href=\"https:\/\/sdbuilding.com.vn\/en\/mat-san-van-phong-cho-thue\/\"  >\t\t\t<div class=\"image-cover\" style=\"padding-top:100%;\">\n\t\t\t\t\t\t\t\t<div class=\"overlay\" style=\"background-color:rgba(0, 0, 0, 0.238)\"><\/div>\t\t\t\t<div class=\"shade\"><\/div>\t\t\t<\/div>\n\t\t\t<\/a>\t\t<\/div>\n\n\t\t<div class=\"box-text text-center\" >\n\t\t\t<div class=\"box-text-inner\">\n\t\t\t\t\n<h4><a href=\"https:\/\/sdbuilding.com.vn\/en\/mat-san-van-phong-cho-thue\/\">Conventional Office<\/a><\/h4>\n\t\t\t<\/div>\n\t\t<\/div>\n\t<\/div>\n\t\n\t\t<\/div>\n\t\t\t\t\t<\/div>\n\n\t\n\n\t<div id=\"col-1471438797\" class=\"col medium-4 small-12 large-4\"  >\n\t\t\t\t<div class=\"col-inner\"  >\n\t\t\t\n\t\t\t\n\t<div class=\"box has-hover box_ss  has-hover box-shade dark box-text-bottom\" >\n\n\t\t<div class=\"box-image\" >\n\t\t\t<a href=\"https:\/\/sdbuilding.com.vn\/en\/mat-san-van-phong-rieng\/\"  >\t\t\t<div class=\"image-cover\" style=\"padding-top:100%;\">\n\t\t\t\t<img decoding=\"async\" width=\"5222\" height=\"2936\" src=\"https:\/\/sdbuilding.com.vn\/wp-content\/uploads\/2023\/07\/44.jpg\" class=\"attachment-original size-original\" alt=\"\" srcset=\"https:\/\/sdbuilding.com.vn\/wp-content\/uploads\/2023\/07\/44.jpg 5222w, https:\/\/sdbuilding.com.vn\/wp-content\/uploads\/2023\/07\/44-768x432.jpg 768w, https:\/\/sdbuilding.com.vn\/wp-content\/uploads\/2023\/07\/44-1536x864.jpg 1536w, https:\/\/sdbuilding.com.vn\/wp-content\/uploads\/2023\/07\/44-2048x1151.jpg 2048w, https:\/\/sdbuilding.com.vn\/wp-content\/uploads\/2023\/07\/44-510x287.jpg 510w\" sizes=\"(max-width: 5222px) 100vw, 5222px\" \/>\t\t\t\t<div class=\"overlay\" style=\"background-color:rgba(0, 0, 0, 0.238)\"><\/div>\t\t\t\t<div class=\"shade\"><\/div>\t\t\t<\/div>\n\t\t\t<\/a>\t\t<\/div>\n\n\t\t<div class=\"box-text text-center\" >\n\t\t\t<div class=\"box-text-inner\">\n\t\t\t\t\n<h4><a href=\"https:\/\/sdbuilding.com.vn\/en\/mat-san-van-phong-rieng\/\">Private Office<\/a><\/h4>\n\t\t\t<\/div>\n\t\t<\/div>\n\t<\/div>\n\t\n\t\t<\/div>\n\t\t\t\t\t<\/div>\n\n\t\n\n\t<div id=\"col-1178683690\" class=\"col medium-4 small-12 large-4\"  >\n\t\t\t\t<div class=\"col-inner\"  >\n\t\t\t\n\t\t\t\n\t<div class=\"box has-hover box_ss  has-hover box-shade dark box-text-bottom\" >\n\n\t\t<div class=\"box-image\" >\n\t\t\t<a href=\"https:\/\/sdbuilding.com.vn\/en\/cho-ngoi-co-dinh\/\"  >\t\t\t<div class=\"image-cover\" style=\"padding-top:100%;\">\n\t\t\t\t<img decoding=\"async\" width=\"1900\" height=\"1069\" src=\"https:\/\/sdbuilding.com.vn\/wp-content\/uploads\/2023\/07\/19.jpg\" class=\"attachment-original size-original\" alt=\"\" srcset=\"https:\/\/sdbuilding.com.vn\/wp-content\/uploads\/2023\/07\/19.jpg 1900w, https:\/\/sdbuilding.com.vn\/wp-content\/uploads\/2023\/07\/19-768x432.jpg 768w, https:\/\/sdbuilding.com.vn\/wp-content\/uploads\/2023\/07\/19-1536x864.jpg 1536w, https:\/\/sdbuilding.com.vn\/wp-content\/uploads\/2023\/07\/19-510x287.jpg 510w\" sizes=\"(max-width: 1900px) 100vw, 1900px\" \/>\t\t\t\t<div class=\"overlay\" style=\"background-color:rgba(0, 0, 0, 0.238)\"><\/div>\t\t\t\t<div class=\"shade\"><\/div>\t\t\t<\/div>\n\t\t\t<\/a>\t\t<\/div>\n\n\t\t<div class=\"box-text text-center\" >\n\t\t\t<div class=\"box-text-inner\">\n\t\t\t\t\n<h4><a href=\"https:\/\/sdbuilding.com.vn\/en\/cho-ngoi-co-dinh\/\">Dedicated Desk<\/a><\/h4>\n\t\t\t<\/div>\n\t\t<\/div>\n\t<\/div>\n\t\n\t\t<\/div>\n\t\t\t\t\t<\/div>\n\n\t\n<\/div>\n\t\t<\/div>\n\t\t\t\t\t<\/div>\n\n\t\n<\/div>\n\t<section class=\"section\" id=\"section_1601132683\">\n\t\t<div class=\"bg section-bg fill bg-fill  bg-loaded\" >\n\n\t\t\t\n\t\t\t\n\t\t\t\n\n\t\t<\/div>\n\n\t\t\n\n\t\t<div class=\"section-content relative\">\n\t\t\t\n<div class=\"row row-large\"  id=\"row-458615776\">\n\n\t<div id=\"col-720266488\" class=\"col col_shotro medium-7 small-12 large-7\"  >\n\t\t\t\t<div class=\"col-inner\"  >\n\t\t\t\n\t\t\t\n\t<div id=\"text-1931029093\" class=\"text\">\n\t\t\n<div class=\"elementor-element elementor-element-4372b7be elementor-widget elementor-widget-heading\" data-id=\"4372b7be\" data-element_type=\"widget\" data-widget_type=\"heading.default\">\n<div class=\"elementor-widget-container\">\n<h2 class=\"elementor-heading-title elementor-size-default\">Save 90% of your time and resources in office searching with our assistance.<\/h2>\n<\/div>\n<\/div>\n<div class=\"elementor-element elementor-element-19f30efb elementor-hidden-phone elementor-widget elementor-widget-maisonreal-icon-list\" data-id=\"19f30efb\" data-element_type=\"widget\" data-widget_type=\"maisonreal-icon-list.default\">\n<div class=\"elementor-widget-container\">\n<ul class=\"elementor-icon-list-items elementor-inline-items\">\n<li class=\"elementor-icon-list-item\"><span class=\"elementor-icon-list-icon\"><i>1<\/i><\/span><span class=\"elementor-icon-list-text\">Receive a quote for suitable office types.<\/span><\/li>\n<li class=\"elementor-icon-list-item\"><span class=\"elementor-icon-list-icon\"><i>2<\/i><\/span><span class=\"elementor-icon-list-text\">Receive a quote for suitable office types.<\/span><\/li>\n<li class=\"elementor-icon-list-item\"><span class=\"elementor-icon-list-icon\"><i>3<\/i><\/span><span class=\"elementor-icon-list-text\">Evaluate the advantages and disadvantages of each office type comprehensively.<\/span><\/li>\n<li class=\"elementor-icon-list-item\"><span class=\"elementor-icon-list-icon\"><i>4<\/i><\/span><span class=\"elementor-icon-list-text\">Get the best rental costs and leasing terms.<\/span><\/li>\n<\/ul>\n<\/div>\n<\/div>\n\t\t\n<style>\n#text-1931029093 {\n  font-size: 1.25rem;\n}\n<\/style>\n\t<\/div>\n\t\n\t<div id=\"gap-811364282\" class=\"gap-element clearfix\" style=\"display:block; height:auto;\">\n\t\t\n<style>\n#gap-811364282 {\n  padding-top: 30px;\n}\n<\/style>\n\t<\/div>\n\t\n<a class=\"button primary\"  >\n    <span>Hotline: +84 903 281 888<\/span>\n  <\/a>\n\n<a class=\"button white is-outline\"  >\n    <span>Send Your Inquiries<\/span>\n  <\/a>\n\n\t\t<\/div>\n\t\t\t\t\t<\/div>\n\n\t\n\n\t<div id=\"col-1371636055\" class=\"col medium-5 small-12 large-5\"  >\n\t\t\t\t<div class=\"col-inner\"  >\n\t\t\t\n\t\t\t\n\t<div class=\"img has-hover x md-x lg-x y md-y lg-y\" id=\"image_1349353532\">\n\t\t\t\t\t\t\t\t<div class=\"img-inner image-cover dark\" style=\"padding-top:100%;\">\n\t\t\t<img decoding=\"async\" width=\"1412\" height=\"1412\" src=\"https:\/\/sdbuilding.com.vn\/wp-content\/uploads\/2023\/07\/9-1.jpg\" class=\"attachment-large size-large\" alt=\"\" srcset=\"https:\/\/sdbuilding.com.vn\/wp-content\/uploads\/2023\/07\/9-1.jpg 1412w, https:\/\/sdbuilding.com.vn\/wp-content\/uploads\/2023\/07\/9-1-768x768.jpg 768w, https:\/\/sdbuilding.com.vn\/wp-content\/uploads\/2023\/07\/9-1-150x150.jpg 150w, https:\/\/sdbuilding.com.vn\/wp-content\/uploads\/2023\/07\/9-1-510x510.jpg 510w, https:\/\/sdbuilding.com.vn\/wp-content\/uploads\/2023\/07\/9-1-100x100.jpg 100w\" sizes=\"(max-width: 1412px) 100vw, 1412px\" \/>\t\t\t\t\t\t\n\t\t\t\t\t<\/div>\n\t\t\t\t\t\t\t\t\n<style>\n#image_1349353532 {\n  width: 100%;\n}\n<\/style>\n\t<\/div>\n\t\n\t\t<\/div>\n\t\t\t\t\t<\/div>\n\n\t\n<\/div>\n\t\t<\/div>\n\n\t\t\n<style>\n#section_1601132683 {\n  padding-top: 30px;\n  padding-bottom: 30px;\n  background-color: rgb(244, 243, 240);\n}\n#section_1601132683 .ux-shape-divider--top svg {\n  height: 150px;\n  --divider-top-width: 100%;\n}\n#section_1601132683 .ux-shape-divider--bottom svg {\n  height: 150px;\n  --divider-width: 100%;\n}\n<\/style>\n\t<\/section>","protected":false},"excerpt":{"rendered":"","protected":false},"author":1,"featured_media":0,"parent":0,"menu_order":0,"comment_status":"closed","ping_status":"closed","template":"page-blank.php","meta":{"footnotes":""},"class_list":["post-377","page","type-page","status-publish","hentry"],"yoast_head":"<!-- This site is optimized with the Yoast SEO Premium plugin v19.0.1 (Yoast SEO v23.7) - https:\/\/yoast.com\/wordpress\/plugins\/seo\/ -->\n<title>V\u0103n ph\u00f2ng \u1ea3o - SD Building - T\u00f2a nh\u00e0 v\u0103n ph\u00f2ng h\u1ea1ng A t\u1ea1i Long Bi\u00ean<\/title>\n<meta name=\"robots\" content=\"index, follow, max-snippet:-1, max-image-preview:large, max-video-preview:-1\" \/>\n<link rel=\"canonical\" href=\"https:\/\/sdbuilding.com.vn\/en\/mat-san-van-phong-ao\/\" \/>\n<meta property=\"og:locale\" content=\"en_GB\" \/>\n<meta property=\"og:type\" content=\"article\" \/>\n<meta property=\"og:title\" content=\"V\u0103n ph\u00f2ng \u1ea3o\" \/>\n<meta property=\"og:url\" content=\"https:\/\/sdbuilding.com.vn\/en\/mat-san-van-phong-ao\/\" \/>\n<meta property=\"og:site_name\" content=\"SD Building - T\u00f2a nh\u00e0 v\u0103n ph\u00f2ng h\u1ea1ng A t\u1ea1i Long Bi\u00ean\" \/>\n<meta property=\"article:modified_time\" content=\"2023-07-10T01:26:31+00:00\" \/>\n<meta name=\"twitter:card\" content=\"summary_large_image\" \/>\n<meta name=\"twitter:label1\" content=\"Estimated reading time\" \/>\n\t<meta name=\"twitter:data1\" content=\"4 minutes\" \/>\n<script type=\"application\/ld+json\" class=\"yoast-schema-graph\">{\"@context\":\"https:\/\/schema.org\",\"@graph\":[{\"@type\":\"WebPage\",\"@id\":\"https:\/\/sdbuilding.com.vn\/mat-san-van-phong-ao\/\",\"url\":\"https:\/\/sdbuilding.com.vn\/mat-san-van-phong-ao\/\",\"name\":\"V\u0103n ph\u00f2ng \u1ea3o - SD Building - T\u00f2a nh\u00e0 v\u0103n ph\u00f2ng h\u1ea1ng A t\u1ea1i Long Bi\u00ean\",\"isPartOf\":{\"@id\":\"https:\/\/sdbuilding.com.vn\/#website\"},\"datePublished\":\"2023-07-05T01:04:33+00:00\",\"dateModified\":\"2023-07-10T01:26:31+00:00\",\"breadcrumb\":{\"@id\":\"https:\/\/sdbuilding.com.vn\/mat-san-van-phong-ao\/#breadcrumb\"},\"inLanguage\":\"en-GB\",\"potentialAction\":[{\"@type\":\"ReadAction\",\"target\":[\"https:\/\/sdbuilding.com.vn\/mat-san-van-phong-ao\/\"]}]},{\"@type\":\"BreadcrumbList\",\"@id\":\"https:\/\/sdbuilding.com.vn\/mat-san-van-phong-ao\/#breadcrumb\",\"itemListElement\":[{\"@type\":\"ListItem\",\"position\":1,\"name\":\"Home\",\"item\":\"https:\/\/sdbuilding.com.vn\/\"},{\"@type\":\"ListItem\",\"position\":2,\"name\":\"V\u0103n ph\u00f2ng \u1ea3o\"}]},{\"@type\":\"WebSite\",\"@id\":\"https:\/\/sdbuilding.com.vn\/#website\",\"url\":\"https:\/\/sdbuilding.com.vn\/\",\"name\":\"SD Building - T\u00f2a nh\u00e0 v\u0103n ph\u00f2ng h\u1ea1ng A t\u1ea1i Long Bi\u00ean\",\"description\":\"\",\"potentialAction\":[{\"@type\":\"SearchAction\",\"target\":{\"@type\":\"EntryPoint\",\"urlTemplate\":\"https:\/\/sdbuilding.com.vn\/?s={search_term_string}\"},\"query-input\":{\"@type\":\"PropertyValueSpecification\",\"valueRequired\":true,\"valueName\":\"search_term_string\"}}],\"inLanguage\":\"en-GB\"}]}<\/script>\n<!-- \/ Yoast SEO Premium plugin. -->","yoast_head_json":{"title":"V\u0103n ph\u00f2ng \u1ea3o - SD Building - T\u00f2a nh\u00e0 v\u0103n ph\u00f2ng h\u1ea1ng A t\u1ea1i Long Bi\u00ean","robots":{"index":"index","follow":"follow","max-snippet":"max-snippet:-1","max-image-preview":"max-image-preview:large","max-video-preview":"max-video-preview:-1"},"canonical":"https:\/\/sdbuilding.com.vn\/en\/mat-san-van-phong-ao\/","og_locale":"en_GB","og_type":"article","og_title":"V\u0103n ph\u00f2ng \u1ea3o","og_url":"https:\/\/sdbuilding.com.vn\/en\/mat-san-van-phong-ao\/","og_site_name":"SD Building - T\u00f2a nh\u00e0 v\u0103n ph\u00f2ng h\u1ea1ng A t\u1ea1i Long Bi\u00ean","article_modified_time":"2023-07-10T01:26:31+00:00","twitter_card":"summary_large_image","twitter_misc":{"Estimated reading time":"4 minutes"},"schema":{"@context":"https:\/\/schema.org","@graph":[{"@type":"WebPage","@id":"https:\/\/sdbuilding.com.vn\/mat-san-van-phong-ao\/","url":"https:\/\/sdbuilding.com.vn\/mat-san-van-phong-ao\/","name":"V\u0103n ph\u00f2ng \u1ea3o - SD Building - T\u00f2a nh\u00e0 v\u0103n ph\u00f2ng h\u1ea1ng A t\u1ea1i Long Bi\u00ean","isPartOf":{"@id":"https:\/\/sdbuilding.com.vn\/#website"},"datePublished":"2023-07-05T01:04:33+00:00","dateModified":"2023-07-10T01:26:31+00:00","breadcrumb":{"@id":"https:\/\/sdbuilding.com.vn\/mat-san-van-phong-ao\/#breadcrumb"},"inLanguage":"en-GB","potentialAction":[{"@type":"ReadAction","target":["https:\/\/sdbuilding.com.vn\/mat-san-van-phong-ao\/"]}]},{"@type":"BreadcrumbList","@id":"https:\/\/sdbuilding.com.vn\/mat-san-van-phong-ao\/#breadcrumb","itemListElement":[{"@type":"ListItem","position":1,"name":"Home","item":"https:\/\/sdbuilding.com.vn\/"},{"@type":"ListItem","position":2,"name":"V\u0103n ph\u00f2ng \u1ea3o"}]},{"@type":"WebSite","@id":"https:\/\/sdbuilding.com.vn\/#website","url":"https:\/\/sdbuilding.com.vn\/","name":"SD Building - T\u00f2a nh\u00e0 v\u0103n ph\u00f2ng h\u1ea1ng A t\u1ea1i Long Bi\u00ean","description":"","potentialAction":[{"@type":"SearchAction","target":{"@type":"EntryPoint","urlTemplate":"https:\/\/sdbuilding.com.vn\/?s={search_term_string}"},"query-input":{"@type":"PropertyValueSpecification","valueRequired":true,"valueName":"search_term_string"}}],"inLanguage":"en-GB"}]}},"_links":{"self":[{"href":"https:\/\/sdbuilding.com.vn\/en\/wp-json\/wp\/v2\/pages\/377","targetHints":{"allow":["GET"]}}],"collection":[{"href":"https:\/\/sdbuilding.com.vn\/en\/wp-json\/wp\/v2\/pages"}],"about":[{"href":"https:\/\/sdbuilding.com.vn\/en\/wp-json\/wp\/v2\/types\/page"}],"author":[{"embeddable":true,"href":"https:\/\/sdbuilding.com.vn\/en\/wp-json\/wp\/v2\/users\/1"}],"replies":[{"embeddable":true,"href":"https:\/\/sdbuilding.com.vn\/en\/wp-json\/wp\/v2\/comments?post=377"}],"version-history":[{"count":11,"href":"https:\/\/sdbuilding.com.vn\/en\/wp-json\/wp\/v2\/pages\/377\/revisions"}],"predecessor-version":[{"id":638,"href":"https:\/\/sdbuilding.com.vn\/en\/wp-json\/wp\/v2\/pages\/377\/revisions\/638"}],"wp:attachment":[{"href":"https:\/\/sdbuilding.com.vn\/en\/wp-json\/wp\/v2\/media?parent=377"}],"curies":[{"name":"wp","href":"https:\/\/api.w.org\/{rel}","templated":true}]}}