{"id":379,"date":"2023-07-05T01:05:00","date_gmt":"2023-07-05T01:05:00","guid":{"rendered":"https:\/\/sdbuilding.com.vn\/?page_id=379"},"modified":"2024-07-20T03:23:45","modified_gmt":"2024-07-20T03:23:45","slug":"phong-hop-phong-dao-tao","status":"publish","type":"page","link":"https:\/\/sdbuilding.com.vn\/en\/phong-hop-phong-dao-tao\/","title":{"rendered":"Meeting room"},"content":{"rendered":"<section class=\"section\" id=\"section_638766503\">\n\t\t<div class=\"bg section-bg fill bg-fill  bg-loaded\" >\n\n\t\t\t\n\t\t\t\n\t\t\t\n\n\t\t<\/div>\n\n\t\t\n\n\t\t<div class=\"section-content relative\">\n\t\t\t\n<div class=\"row\"  id=\"row-119536479\">\n\n\t<div id=\"col-862746323\" class=\"col medium-6 small-12 large-6\"  >\n\t\t\t\t<div class=\"col-inner\"  >\n\t\t\t\n\t\t\t\n\t<div id=\"text-2666538438\" class=\"text\">\n\t\t\n<h1 class=\"css-1kks9gf\">Meeting Room \/ Training Room<\/h1>\n<p>D\u1ecbch v\u1ee5 ph\u00f2ng h\u1ecdp t\u1ea1i SD Building l\u00e0 gi\u1ea3i ph\u00e1p ho\u00e0n h\u1ea3o cho c\u00e1c cu\u1ed9c h\u1ecdp, bu\u1ed5i th\u1ea3o lu\u1eadn v\u00e0 \u0111\u00e0o t\u1ea1o nh\u00e2n vi\u00ean c\u1ee7a b\u1ea1n. Ph\u00f2ng h\u1ecdp hi\u1ec7n \u0111\u1ea1i v\u00e0 ti\u1ec7n nghi, chuy\u00ean nghi\u1ec7p \u0111\u1ec3 g\u1eb7p g\u1ee1 \u0111\u1ed1i t\u00e1c v\u00e0 kh\u00e1ch h\u00e0ng c\u1ee7a m\u00ecnh.<\/p>\n\t\t\n<style>\n#text-2666538438 {\n  font-size: 1.15rem;\n}\n<\/style>\n\t<\/div>\n\t\n<a class=\"button primary bao_gia popmake-628\"  >\n    <span>Get a quote<\/span>\n  <\/a>\n\n\t\t<\/div>\n\t\t\t\t\t<\/div>\n\n\t\n\n\t<div id=\"col-1725464746\" class=\"col medium-6 small-12 large-6\"  >\n\t\t\t\t<div class=\"col-inner\"  >\n\t\t\t\n\t\t\t\n\t<div class=\"img has-hover x md-x lg-x y md-y lg-y\" id=\"image_2021695136\">\n\t\t\t\t\t\t\t\t<div class=\"img-inner image-cover dark\" style=\"padding-top:65%;\">\n\t\t\t<img decoding=\"async\" width=\"1023\" height=\"709\" src=\"https:\/\/sdbuilding.com.vn\/wp-content\/uploads\/2024\/06\/phong-hop-1.jpg\" class=\"attachment-large size-large\" alt=\"\" srcset=\"https:\/\/sdbuilding.com.vn\/wp-content\/uploads\/2024\/06\/phong-hop-1.jpg 1023w, https:\/\/sdbuilding.com.vn\/wp-content\/uploads\/2024\/06\/phong-hop-1-768x532.jpg 768w, https:\/\/sdbuilding.com.vn\/wp-content\/uploads\/2024\/06\/phong-hop-1-18x12.jpg 18w, https:\/\/sdbuilding.com.vn\/wp-content\/uploads\/2024\/06\/phong-hop-1-510x353.jpg 510w\" sizes=\"(max-width: 1023px) 100vw, 1023px\" \/>\t\t\t\t\t\t\n\t\t\t\t\t<\/div>\n\t\t\t\t\t\t\t\t\n<style>\n#image_2021695136 {\n  width: 100%;\n}\n<\/style>\n\t<\/div>\n\t\n\t\t<\/div>\n\t\t\t\t\t<\/div>\n\n\t\n<\/div>\n\t\t<\/div>\n\n\t\t\n<style>\n#section_638766503 {\n  padding-top: 30px;\n  padding-bottom: 30px;\n  background-color: rgb(244, 243, 240);\n}\n#section_638766503 .ux-shape-divider--top svg {\n  height: 150px;\n  --divider-top-width: 100%;\n}\n#section_638766503 .ux-shape-divider--bottom svg {\n  height: 150px;\n  --divider-width: 100%;\n}\n<\/style>\n\t<\/section>\n\t\n<div class=\"row row-large\"  id=\"row-606937214\">\n\n\t<div id=\"col-1584749048\" class=\"col medium-6 small-12 large-6\"  >\n\t\t\t\t<div class=\"col-inner text-center\"  >\n\t\t\t\n\t\t\t\n\t<div class=\"img has-hover x md-x lg-x y md-y lg-y\" id=\"image_1746828987\">\n\t\t\t\t\t\t\t\t<div class=\"img-inner dark\" >\n\t\t\t<img decoding=\"async\" width=\"1023\" height=\"709\" src=\"https:\/\/sdbuilding.com.vn\/wp-content\/uploads\/2024\/07\/phong-hop-3-sd-building.jpg\" class=\"attachment-large size-large\" alt=\"\" srcset=\"https:\/\/sdbuilding.com.vn\/wp-content\/uploads\/2024\/07\/phong-hop-3-sd-building.jpg 1023w, https:\/\/sdbuilding.com.vn\/wp-content\/uploads\/2024\/07\/phong-hop-3-sd-building-768x532.jpg 768w, https:\/\/sdbuilding.com.vn\/wp-content\/uploads\/2024\/07\/phong-hop-3-sd-building-18x12.jpg 18w, https:\/\/sdbuilding.com.vn\/wp-content\/uploads\/2024\/07\/phong-hop-3-sd-building-510x353.jpg 510w\" sizes=\"(max-width: 1023px) 100vw, 1023px\" \/>\t\t\t\t\t\t\n\t\t\t\t\t<\/div>\n\t\t\t\t\t\t\t\t\n<style>\n#image_1746828987 {\n  width: 100%;\n}\n<\/style>\n\t<\/div>\n\t\n\t\t<\/div>\n\t\t\t\t\t<\/div>\n\n\t\n\n\t<div id=\"col-1471094885\" class=\"col tt_s1 medium-6 small-12 large-6\"  >\n\t\t\t\t<div class=\"col-inner\"  >\n\t\t\t\n\t\t\t\n<h2 class=\"css-ibasxs\">Quality and Flexibility<\/h2>\n<div>\n<div class=\"css-1bsbvxc\">\n<ul>\n<li class=\"css-b5oofn\">With our meeting room, you can book meeting rooms according to your needs and utilize modern equipment such as TV screens, sound systems, and high-speed internet connectivity. We ensure that our meeting rooms meet all your requirements for an effective and successful meeting.<\/li>\n<\/ul>\n<\/div>\n<\/div>\n\t\t<\/div>\n\t\t\t\t\t<\/div>\n\n\t\n<\/div>\n\t<section class=\"section\" id=\"section_1791551017\">\n\t\t<div class=\"bg section-bg fill bg-fill  bg-loaded\" >\n\n\t\t\t\n\t\t\t\n\t\t\t\n\n\t\t<\/div>\n\n\t\t\n\n\t\t<div class=\"section-content relative\">\n\t\t\t\n<div class=\"row row-large\"  id=\"row-1685187867\">\n\n\t<div id=\"col-376276398\" class=\"col col_shotro medium-7 small-12 large-7\"  >\n\t\t\t\t<div class=\"col-inner\"  >\n\t\t\t\n\t\t\t\n\t<div id=\"text-740529530\" class=\"text\">\n\t\t\n<div class=\"elementor-element elementor-element-4372b7be elementor-widget elementor-widget-heading\" data-id=\"4372b7be\" data-element_type=\"widget\" data-widget_type=\"heading.default\">\n<div class=\"elementor-widget-container\">\n<h2 class=\"elementor-heading-title elementor-size-default\">Save 90% of your time and resources in office searching with our assistance.<\/h2>\n<\/div>\n<\/div>\n<div class=\"elementor-element elementor-element-19f30efb elementor-hidden-phone elementor-widget elementor-widget-maisonreal-icon-list\" data-id=\"19f30efb\" data-element_type=\"widget\" data-widget_type=\"maisonreal-icon-list.default\">\n<div class=\"elementor-widget-container\">\n<ul class=\"elementor-icon-list-items elementor-inline-items\">\n<li class=\"elementor-icon-list-item\"><span class=\"elementor-icon-list-icon\"><i>1<\/i><\/span><span class=\"elementor-icon-list-text\">Receive a quote for suitable office types.<\/span><\/li>\n<li class=\"elementor-icon-list-item\"><span class=\"elementor-icon-list-icon\"><i>2<\/i><\/span><span class=\"elementor-icon-list-text\">Receive a quote for suitable office types.<\/span><\/li>\n<li class=\"elementor-icon-list-item\"><span class=\"elementor-icon-list-icon\"><i>3<\/i><\/span><span class=\"elementor-icon-list-text\">Evaluate the advantages and disadvantages of each office type comprehensively.<\/span><\/li>\n<li class=\"elementor-icon-list-item\"><span class=\"elementor-icon-list-icon\"><i>4<\/i><\/span><span class=\"elementor-icon-list-text\">Get the best rental costs and leasing terms.<\/span><\/li>\n<\/ul>\n<\/div>\n<\/div>\n\t\t\n<style>\n#text-740529530 {\n  font-size: 1.25rem;\n}\n<\/style>\n\t<\/div>\n\t\n\t<div id=\"gap-659257414\" class=\"gap-element clearfix\" style=\"display:block; height:auto;\">\n\t\t\n<style>\n#gap-659257414 {\n  padding-top: 30px;\n}\n<\/style>\n\t<\/div>\n\t\n<a class=\"button primary\"  >\n    <span>Hotline: +84 903 281 888<\/span>\n  <\/a>\n\n<a class=\"button white is-outline\"  >\n    <span>Send Your Inquiries<\/span>\n  <\/a>\n\n\t\t<\/div>\n\t\t\t\t\t<\/div>\n\n\t\n\n\t<div id=\"col-354843281\" class=\"col medium-5 small-12 large-5\"  >\n\t\t\t\t<div class=\"col-inner\"  >\n\t\t\t\n\t\t\t\n\t<div class=\"img has-hover x md-x lg-x y md-y lg-y\" id=\"image_66513395\">\n\t\t\t\t\t\t\t\t<div class=\"img-inner image-cover dark\" style=\"padding-top:100%;\">\n\t\t\t<img decoding=\"async\" width=\"1000\" height=\"1000\" src=\"https:\/\/sdbuilding.com.vn\/wp-content\/uploads\/2024\/06\/giai-phap-tu-sd-building.jpg\" class=\"attachment-large size-large\" alt=\"gi\u1ea3i ph\u00e1p sdbuilding\" srcset=\"https:\/\/sdbuilding.com.vn\/wp-content\/uploads\/2024\/06\/giai-phap-tu-sd-building.jpg 1000w, https:\/\/sdbuilding.com.vn\/wp-content\/uploads\/2024\/06\/giai-phap-tu-sd-building-768x768.jpg 768w, https:\/\/sdbuilding.com.vn\/wp-content\/uploads\/2024\/06\/giai-phap-tu-sd-building-12x12.jpg 12w, https:\/\/sdbuilding.com.vn\/wp-content\/uploads\/2024\/06\/giai-phap-tu-sd-building-150x150.jpg 150w, https:\/\/sdbuilding.com.vn\/wp-content\/uploads\/2024\/06\/giai-phap-tu-sd-building-510x510.jpg 510w, https:\/\/sdbuilding.com.vn\/wp-content\/uploads\/2024\/06\/giai-phap-tu-sd-building-100x100.jpg 100w\" sizes=\"(max-width: 1000px) 100vw, 1000px\" \/>\t\t\t\t\t\t\n\t\t\t\t\t<\/div>\n\t\t\t\t\t\t\t\t\n<style>\n#image_66513395 {\n  width: 100%;\n}\n<\/style>\n\t<\/div>\n\t\n\t\t<\/div>\n\t\t\t\t\t<\/div>\n\n\t\n<\/div>\n\t\t<\/div>\n\n\t\t\n<style>\n#section_1791551017 {\n  padding-top: 30px;\n  padding-bottom: 30px;\n  background-color: rgb(244, 243, 240);\n}\n#section_1791551017 .ux-shape-divider--top svg {\n  height: 150px;\n  --divider-top-width: 100%;\n}\n#section_1791551017 .ux-shape-divider--bottom svg {\n  height: 150px;\n  --divider-width: 100%;\n}\n<\/style>\n\t<\/section>","protected":false},"excerpt":{"rendered":"","protected":false},"author":1,"featured_media":848,"parent":0,"menu_order":0,"comment_status":"closed","ping_status":"closed","template":"page-blank.php","meta":{"footnotes":""},"class_list":["post-379","page","type-page","status-publish","has-post-thumbnail","hentry"],"yoast_head":"<!-- This site is optimized with the Yoast SEO Premium plugin v19.0.1 (Yoast SEO v23.7) - https:\/\/yoast.com\/wordpress\/plugins\/seo\/ -->\n<title>Ph\u00f2ng h\u1ecdp v\u00e0 ph\u00f2ng \u0111\u00e0o t\u1ea1o t\u1ea1i SD Building Long Bi\u00ean<\/title>\n<meta name=\"description\" content=\"SD Building t\u1ea1i Long Bi\u00ean s\u1edf h\u1eefu h\u1ec7 th\u1ed1ng ph\u00f2ng h\u1ecdp \u0111a n\u0103ng, \u0111\u00e1p \u1ee9ng t\u1ed1t s\u1ed1 l\u01b0\u1ee3n t\u1eeb 6 \u0111\u1ebfn 30 nh\u00e2n s\u1ef1, \u0111\u1ea7y \u0111\u1ee7 trang thi\u1ebft b\u1ecb h\u1ed7 tr\u1ee3\" \/>\n<meta name=\"robots\" content=\"index, follow, max-snippet:-1, max-image-preview:large, max-video-preview:-1\" \/>\n<link rel=\"canonical\" href=\"https:\/\/sdbuilding.com.vn\/en\/phong-hop-phong-dao-tao\/\" \/>\n<meta property=\"og:locale\" content=\"en_GB\" \/>\n<meta property=\"og:type\" content=\"article\" \/>\n<meta property=\"og:title\" content=\"Ph\u00f2ng h\u1ecdp\/ Ph\u00f2ng \u0111\u00e0o t\u1ea1o\" \/>\n<meta property=\"og:description\" content=\"SD Building t\u1ea1i Long Bi\u00ean s\u1edf h\u1eefu h\u1ec7 th\u1ed1ng ph\u00f2ng h\u1ecdp \u0111a n\u0103ng, \u0111\u00e1p \u1ee9ng t\u1ed1t s\u1ed1 l\u01b0\u1ee3n t\u1eeb 6 \u0111\u1ebfn 30 nh\u00e2n s\u1ef1, \u0111\u1ea7y \u0111\u1ee7 trang thi\u1ebft b\u1ecb h\u1ed7 tr\u1ee3\" \/>\n<meta property=\"og:url\" content=\"https:\/\/sdbuilding.com.vn\/en\/phong-hop-phong-dao-tao\/\" \/>\n<meta property=\"og:site_name\" content=\"SD Building - T\u00f2a nh\u00e0 v\u0103n ph\u00f2ng h\u1ea1ng A t\u1ea1i Long Bi\u00ean\" \/>\n<meta property=\"article:modified_time\" content=\"2024-07-20T03:23:45+00:00\" \/>\n<meta property=\"og:image\" content=\"https:\/\/sdbuilding.com.vn\/wp-content\/uploads\/2024\/06\/phong-hop-1.jpg\" \/>\n\t<meta property=\"og:image:width\" content=\"1023\" \/>\n\t<meta property=\"og:image:height\" content=\"709\" \/>\n\t<meta property=\"og:image:type\" content=\"image\/jpeg\" \/>\n<meta name=\"twitter:card\" content=\"summary_large_image\" \/>\n<meta name=\"twitter:label1\" content=\"Estimated reading time\" \/>\n\t<meta name=\"twitter:data1\" content=\"2 minutes\" \/>\n<script type=\"application\/ld+json\" class=\"yoast-schema-graph\">{\"@context\":\"https:\/\/schema.org\",\"@graph\":[{\"@type\":\"WebPage\",\"@id\":\"https:\/\/sdbuilding.com.vn\/phong-hop-phong-dao-tao\/\",\"url\":\"https:\/\/sdbuilding.com.vn\/phong-hop-phong-dao-tao\/\",\"name\":\"Ph\u00f2ng h\u1ecdp v\u00e0 ph\u00f2ng \u0111\u00e0o t\u1ea1o t\u1ea1i SD Building Long Bi\u00ean\",\"isPartOf\":{\"@id\":\"https:\/\/sdbuilding.com.vn\/#website\"},\"primaryImageOfPage\":{\"@id\":\"https:\/\/sdbuilding.com.vn\/phong-hop-phong-dao-tao\/#primaryimage\"},\"image\":{\"@id\":\"https:\/\/sdbuilding.com.vn\/phong-hop-phong-dao-tao\/#primaryimage\"},\"thumbnailUrl\":\"https:\/\/sdbuilding.com.vn\/wp-content\/uploads\/2024\/06\/phong-hop-1.jpg\",\"datePublished\":\"2023-07-05T01:05:00+00:00\",\"dateModified\":\"2024-07-20T03:23:45+00:00\",\"description\":\"SD Building t\u1ea1i Long Bi\u00ean s\u1edf h\u1eefu h\u1ec7 th\u1ed1ng ph\u00f2ng h\u1ecdp \u0111a n\u0103ng, \u0111\u00e1p \u1ee9ng t\u1ed1t s\u1ed1 l\u01b0\u1ee3n t\u1eeb 6 \u0111\u1ebfn 30 nh\u00e2n s\u1ef1, \u0111\u1ea7y \u0111\u1ee7 trang thi\u1ebft b\u1ecb h\u1ed7 tr\u1ee3\",\"breadcrumb\":{\"@id\":\"https:\/\/sdbuilding.com.vn\/phong-hop-phong-dao-tao\/#breadcrumb\"},\"inLanguage\":\"en-GB\",\"potentialAction\":[{\"@type\":\"ReadAction\",\"target\":[\"https:\/\/sdbuilding.com.vn\/phong-hop-phong-dao-tao\/\"]}]},{\"@type\":\"ImageObject\",\"inLanguage\":\"en-GB\",\"@id\":\"https:\/\/sdbuilding.com.vn\/phong-hop-phong-dao-tao\/#primaryimage\",\"url\":\"https:\/\/sdbuilding.com.vn\/wp-content\/uploads\/2024\/06\/phong-hop-1.jpg\",\"contentUrl\":\"https:\/\/sdbuilding.com.vn\/wp-content\/uploads\/2024\/06\/phong-hop-1.jpg\",\"width\":1023,\"height\":709},{\"@type\":\"BreadcrumbList\",\"@id\":\"https:\/\/sdbuilding.com.vn\/phong-hop-phong-dao-tao\/#breadcrumb\",\"itemListElement\":[{\"@type\":\"ListItem\",\"position\":1,\"name\":\"Home\",\"item\":\"https:\/\/sdbuilding.com.vn\/\"},{\"@type\":\"ListItem\",\"position\":2,\"name\":\"Ph\u00f2ng h\u1ecdp\/ Ph\u00f2ng \u0111\u00e0o t\u1ea1o\"}]},{\"@type\":\"WebSite\",\"@id\":\"https:\/\/sdbuilding.com.vn\/#website\",\"url\":\"https:\/\/sdbuilding.com.vn\/\",\"name\":\"SD Building - T\u00f2a nh\u00e0 v\u0103n ph\u00f2ng h\u1ea1ng A t\u1ea1i Long Bi\u00ean\",\"description\":\"\",\"potentialAction\":[{\"@type\":\"SearchAction\",\"target\":{\"@type\":\"EntryPoint\",\"urlTemplate\":\"https:\/\/sdbuilding.com.vn\/?s={search_term_string}\"},\"query-input\":{\"@type\":\"PropertyValueSpecification\",\"valueRequired\":true,\"valueName\":\"search_term_string\"}}],\"inLanguage\":\"en-GB\"}]}<\/script>\n<!-- \/ Yoast SEO Premium plugin. -->","yoast_head_json":{"title":"Ph\u00f2ng h\u1ecdp v\u00e0 ph\u00f2ng \u0111\u00e0o t\u1ea1o t\u1ea1i SD Building Long Bi\u00ean","description":"SD Building t\u1ea1i Long Bi\u00ean s\u1edf h\u1eefu h\u1ec7 th\u1ed1ng ph\u00f2ng h\u1ecdp \u0111a n\u0103ng, \u0111\u00e1p \u1ee9ng t\u1ed1t s\u1ed1 l\u01b0\u1ee3n t\u1eeb 6 \u0111\u1ebfn 30 nh\u00e2n s\u1ef1, \u0111\u1ea7y \u0111\u1ee7 trang thi\u1ebft b\u1ecb h\u1ed7 tr\u1ee3","robots":{"index":"index","follow":"follow","max-snippet":"max-snippet:-1","max-image-preview":"max-image-preview:large","max-video-preview":"max-video-preview:-1"},"canonical":"https:\/\/sdbuilding.com.vn\/en\/phong-hop-phong-dao-tao\/","og_locale":"en_GB","og_type":"article","og_title":"Ph\u00f2ng h\u1ecdp\/ Ph\u00f2ng \u0111\u00e0o t\u1ea1o","og_description":"SD Building t\u1ea1i Long Bi\u00ean s\u1edf h\u1eefu h\u1ec7 th\u1ed1ng ph\u00f2ng h\u1ecdp \u0111a n\u0103ng, \u0111\u00e1p \u1ee9ng t\u1ed1t s\u1ed1 l\u01b0\u1ee3n t\u1eeb 6 \u0111\u1ebfn 30 nh\u00e2n s\u1ef1, \u0111\u1ea7y \u0111\u1ee7 trang thi\u1ebft b\u1ecb h\u1ed7 tr\u1ee3","og_url":"https:\/\/sdbuilding.com.vn\/en\/phong-hop-phong-dao-tao\/","og_site_name":"SD Building - T\u00f2a nh\u00e0 v\u0103n ph\u00f2ng h\u1ea1ng A t\u1ea1i Long Bi\u00ean","article_modified_time":"2024-07-20T03:23:45+00:00","og_image":[{"width":1023,"height":709,"url":"https:\/\/sdbuilding.com.vn\/wp-content\/uploads\/2024\/06\/phong-hop-1.jpg","type":"image\/jpeg"}],"twitter_card":"summary_large_image","twitter_misc":{"Estimated reading time":"2 minutes"},"schema":{"@context":"https:\/\/schema.org","@graph":[{"@type":"WebPage","@id":"https:\/\/sdbuilding.com.vn\/phong-hop-phong-dao-tao\/","url":"https:\/\/sdbuilding.com.vn\/phong-hop-phong-dao-tao\/","name":"Ph\u00f2ng h\u1ecdp v\u00e0 ph\u00f2ng \u0111\u00e0o t\u1ea1o t\u1ea1i SD Building Long Bi\u00ean","isPartOf":{"@id":"https:\/\/sdbuilding.com.vn\/#website"},"primaryImageOfPage":{"@id":"https:\/\/sdbuilding.com.vn\/phong-hop-phong-dao-tao\/#primaryimage"},"image":{"@id":"https:\/\/sdbuilding.com.vn\/phong-hop-phong-dao-tao\/#primaryimage"},"thumbnailUrl":"https:\/\/sdbuilding.com.vn\/wp-content\/uploads\/2024\/06\/phong-hop-1.jpg","datePublished":"2023-07-05T01:05:00+00:00","dateModified":"2024-07-20T03:23:45+00:00","description":"SD Building t\u1ea1i Long Bi\u00ean s\u1edf h\u1eefu h\u1ec7 th\u1ed1ng ph\u00f2ng h\u1ecdp \u0111a n\u0103ng, \u0111\u00e1p \u1ee9ng t\u1ed1t s\u1ed1 l\u01b0\u1ee3n t\u1eeb 6 \u0111\u1ebfn 30 nh\u00e2n s\u1ef1, \u0111\u1ea7y \u0111\u1ee7 trang thi\u1ebft b\u1ecb h\u1ed7 tr\u1ee3","breadcrumb":{"@id":"https:\/\/sdbuilding.com.vn\/phong-hop-phong-dao-tao\/#breadcrumb"},"inLanguage":"en-GB","potentialAction":[{"@type":"ReadAction","target":["https:\/\/sdbuilding.com.vn\/phong-hop-phong-dao-tao\/"]}]},{"@type":"ImageObject","inLanguage":"en-GB","@id":"https:\/\/sdbuilding.com.vn\/phong-hop-phong-dao-tao\/#primaryimage","url":"https:\/\/sdbuilding.com.vn\/wp-content\/uploads\/2024\/06\/phong-hop-1.jpg","contentUrl":"https:\/\/sdbuilding.com.vn\/wp-content\/uploads\/2024\/06\/phong-hop-1.jpg","width":1023,"height":709},{"@type":"BreadcrumbList","@id":"https:\/\/sdbuilding.com.vn\/phong-hop-phong-dao-tao\/#breadcrumb","itemListElement":[{"@type":"ListItem","position":1,"name":"Home","item":"https:\/\/sdbuilding.com.vn\/"},{"@type":"ListItem","position":2,"name":"Ph\u00f2ng h\u1ecdp\/ Ph\u00f2ng \u0111\u00e0o t\u1ea1o"}]},{"@type":"WebSite","@id":"https:\/\/sdbuilding.com.vn\/#website","url":"https:\/\/sdbuilding.com.vn\/","name":"SD Building - T\u00f2a nh\u00e0 v\u0103n ph\u00f2ng h\u1ea1ng A t\u1ea1i Long Bi\u00ean","description":"","potentialAction":[{"@type":"SearchAction","target":{"@type":"EntryPoint","urlTemplate":"https:\/\/sdbuilding.com.vn\/?s={search_term_string}"},"query-input":{"@type":"PropertyValueSpecification","valueRequired":true,"valueName":"search_term_string"}}],"inLanguage":"en-GB"}]}},"_links":{"self":[{"href":"https:\/\/sdbuilding.com.vn\/en\/wp-json\/wp\/v2\/pages\/379","targetHints":{"allow":["GET"]}}],"collection":[{"href":"https:\/\/sdbuilding.com.vn\/en\/wp-json\/wp\/v2\/pages"}],"about":[{"href":"https:\/\/sdbuilding.com.vn\/en\/wp-json\/wp\/v2\/types\/page"}],"author":[{"embeddable":true,"href":"https:\/\/sdbuilding.com.vn\/en\/wp-json\/wp\/v2\/users\/1"}],"replies":[{"embeddable":true,"href":"https:\/\/sdbuilding.com.vn\/en\/wp-json\/wp\/v2\/comments?post=379"}],"version-history":[{"count":9,"href":"https:\/\/sdbuilding.com.vn\/en\/wp-json\/wp\/v2\/pages\/379\/revisions"}],"predecessor-version":[{"id":898,"href":"https:\/\/sdbuilding.com.vn\/en\/wp-json\/wp\/v2\/pages\/379\/revisions\/898"}],"wp:featuredmedia":[{"embeddable":true,"href":"https:\/\/sdbuilding.com.vn\/en\/wp-json\/wp\/v2\/media\/848"}],"wp:attachment":[{"href":"https:\/\/sdbuilding.com.vn\/en\/wp-json\/wp\/v2\/media?parent=379"}],"curies":[{"name":"wp","href":"https:\/\/api.w.org\/{rel}","templated":true}]}}